{"id":513,"date":"2025-09-10T13:16:18","date_gmt":"2025-09-10T13:16:18","guid":{"rendered":"https:\/\/mincool.org\/zasady-cookies-eu\/"},"modified":"2025-09-10T13:16:18","modified_gmt":"2025-09-10T13:16:18","slug":"eu-cookiebeleid","status":"publish","type":"page","link":"https:\/\/mincool.org\/nl\/eu-cookiebeleid\/","title":{"rendered":"Cookiebeleid (EU)"},"content":{"rendered":"<!-- Legal document generated by Complianz | GDPR\/CCPA Cookie Consent https:\/\/wordpress.org\/plugins\/complianz-gdpr -->\n<div id=\"cmplz-document\" class=\"cmplz-document cookie-statement cmplz-document-eu\"><p><i>Dit cookiebeleid is voor de laatste keer gedateerd 06\/08\/2025 en is voor de burgers en wettelijke permanente inwoners van de Europese Economische Ruimte en Zwitserland.<\/i><br><\/p><h2>1. Inleiding<\/h2><p>Op onze site, <a href=\"https:\/\/mincool.org\/nl\">https:\/\/mincool.org\/nl<\/a> (hierna: \u201cde site\u201d) wordt gebruikgemaakt van cookies en andere aanverwante technieken. (Hierna geldt dat alle technieken voor het gemak \u201ccookies\u201d worden genoemd). Ook via derden die door ons zijn ingeschakeld, worden cookies geplaatst. In onderstaand document informeren wij hen over het gebruik van cookies op onze site.<\/p><h2>2. Wat zijn cookies?<\/h2><p>Een cookie is een klein, eenvoudig bestand dat samen met pagina's van deze site wordt verzonden en door je browser op de harde schijf van je computer of ander apparaat wordt opgeslagen. De daarin opgeslagen informatie kan tijdens een volgend bezoek terug worden gestuurd naar onze servers of naar de servers van de betreffende derde partijen.<\/p><h2>3. Wat zijn je scripts?<\/h2><p>Een script is een stukje programmeercode dat wordt gebruikt om onze site goed te laten functioneren en samenwerken. Deze code wordt uitgevoerd op onze server, of op je apparatuur.<\/p><h2>4. Wat is een webbaken?<\/h2><p>Een web beacon (ook pixel tag) is een klein, onzichtbaar stukje tekst of afbeelding op een site dat gebruikt wordt om verkeer op een site in kaart te brengen. Om dit te doen worden er met behulp van web beacons verschillende gegevens van je opgeslagen.<\/p><h2>5. Cookies<\/h2><p class=\"cmplz-subtitle\">5.1 Technische van functionele cookies<\/p><p>Sommige cookies zorgen ervoor dat bepaalde onderdelen van de site goed werken en dat je gebruikers voorkeuren bekend blijven. Door het plaatsen van functionele cookies zorgen wij ervoen ervoor dat je onze site makkelijker kunt bezoeken. Op deze manier is het voor hen niet mogelijk om op de hoogte te zijn van de informatie die niet beschikbaar is op onze website en is het aan de andere kant mogelijk dat de items in hun winkelwagen worden gebruikt om ze toegankelijker te maken. We kunnen voor deze cookies betalen omdat ze de beste manier zijn om dit te doen.<\/p><p class=\"cmplz-subtitle\">5.2 Statistieken cookies<\/p><p>We gebruiken statistische cookies om de prestaties van onze gebruikers te optimaliseren. We gebruiken een aantal statistische cookies bij het gebruik van onze site. We vragen toestemming over de statistische cookies die ze betalen.<\/p><h2>6. Geplaatste cookies<\/h2><div id=\"cmplz-cookies-overview\"><details class=\"cmplz-dropdown cmplz-service-desc cmplz-dropdown-cookiepolicy\">\n\t<summary class=\"cmplz-service-header\"><div>\n\t\t<h3>WordPress<\/h3>\n\t\t<p>Doel wordt onderzocht<\/p>\n\t\t<label for=\"cmplz_service_wordpress\" class=\"cmplz_consent_per_service_label\"><span class=\"screen-reader-text\">Toestemming voor service wordpress<\/span><\/label>\n\t\t<input type=\"checkbox\" id=\"cmplz_service_wordpress\" class=\"cmplz-accept-service cmplz-hidden\" data-service=\"wordpress\" data-category=\"functional\"><\/div>\n\t<\/summary>\n\t<div class=\"cmplz-service-description\">\n\t\t<h4>Gebruik<\/h4>\n\t\t<p>We gebruiken WordPress voor website ontwikkeling. <a target=\"_blank\" rel=\"noopener noreferrer nofollow\" href=\"https:\/\/cookiedatabase.org\/service\/wordpress\/\">Lees meer over WordPress<\/a><\/p>\n\t<\/div>\n\t<div class=\"cmplz-sharing-data\">\n\t\t<h4>Delen van gegevens<\/h4>\n\t\t<p>Deze data wordt niet gedeeld met derde partijen.<\/p>\n\t<\/div>\n\t<div class=\"cookies-per-purpose\">\n    <div class=\"purpose\"><h4>Doel wordt onderzocht<\/h4><\/div>\n    <div class=\"name-header\">\n\t<h5>Naam<\/h5>\n<\/div>\n<div class=\"name\"><a target=\"_blank\" rel=\"noopener noreferrer nofollow\" href=\"https:\/\/cookiedatabase.org\/cookie\/wordpress\/wp_preferences_user_\/\">WP_VOORKEUREN_GEBRUIKER_*<\/a><\/div>\n<div class=\"retention-header\">\n\t<h5>Expiratie<\/h5>\n<\/div>\n<div class=\"retention\"><\/div>\n<div class=\"function-header\">\n\t<h5>Functie<\/h5>\n<\/div>\n<div class=\"function\"><\/div>\n<div class=\"name-header\">\n\t<h5>Naam<\/h5>\n<\/div>\n<div class=\"name\"><a target=\"_blank\" rel=\"noopener noreferrer nofollow\" href=\"https:\/\/cookiedatabase.org\/cookie\/wordpress\/wpemojisettingssupports\/\">wpEmojiSettingsSupports<\/a><\/div>\n<div class=\"retention-header\">\n\t<h5>Expiratie<\/h5>\n<\/div>\n<div class=\"retention\"><\/div>\n<div class=\"function-header\">\n\t<h5>Functie<\/h5>\n<\/div>\n<div class=\"function\"><\/div>\n<div class=\"name-header\">\n\t<h5>Naam<\/h5>\n<\/div>\n<div class=\"name\"><a target=\"_blank\" rel=\"noopener noreferrer nofollow\" href=\"https:\/\/cookiedatabase.org\/cookie\/wordpress\/wp-settings-time\/\">wp-instellingen-tijd-*<\/a><\/div>\n<div class=\"retention-header\">\n\t<h5>Expiratie<\/h5>\n<\/div>\n<div class=\"retention\"><\/div>\n<div class=\"function-header\">\n\t<h5>Functie<\/h5>\n<\/div>\n<div class=\"function\"><\/div>\n<div class=\"name-header\">\n\t<h5>Naam<\/h5>\n<\/div>\n<div class=\"name\"><a target=\"_blank\" rel=\"noopener noreferrer nofollow\" href=\"https:\/\/cookiedatabase.org\/cookie\/wordpress\/wp-settings\/\">wp-instellingen-*<\/a><\/div>\n<div class=\"retention-header\">\n\t<h5>Expiratie<\/h5>\n<\/div>\n<div class=\"retention\"><\/div>\n<div class=\"function-header\">\n\t<h5>Functie<\/h5>\n<\/div>\n<div class=\"function\"><\/div>\n<div class=\"name-header\">\n\t<h5>Naam<\/h5>\n<\/div>\n<div class=\"name\"><a target=\"_blank\" rel=\"noopener noreferrer nofollow\" href=\"https:\/\/cookiedatabase.org\/cookie\/wordpress\/wordpress_test_cookie\/\">wordpress_test_cookie<\/a><\/div>\n<div class=\"retention-header\">\n\t<h5>Expiratie<\/h5>\n<\/div>\n<div class=\"retention\"><\/div>\n<div class=\"function-header\">\n\t<h5>Functie<\/h5>\n<\/div>\n<div class=\"function\"><\/div>\n<div class=\"name-header\">\n\t<h5>Naam<\/h5>\n<\/div>\n<div class=\"name\"><a target=\"_blank\" rel=\"noopener noreferrer nofollow\" href=\"https:\/\/cookiedatabase.org\/cookie\/wordpress\/wordpress_logged_in_\/\">wordpress_ingelogd_*<\/a><\/div>\n<div class=\"retention-header\">\n\t<h5>Expiratie<\/h5>\n<\/div>\n<div class=\"retention\"><\/div>\n<div class=\"function-header\">\n\t<h5>Functie<\/h5>\n<\/div>\n<div class=\"function\"><\/div>\n\n<\/div>\n<\/details>\n<details class=\"cmplz-dropdown cmplz-service-desc cmplz-dropdown-cookiepolicy\">\n\t<summary class=\"cmplz-service-header\"><div>\n\t\t<h3>Diversen<\/h3>\n\t\t<p>Doel wordt onderzocht<\/p>\n\t\t<label for=\"cmplz_service_diversen\" class=\"cmplz_consent_per_service_label\"><span class=\"screen-reader-text\">Consent to service diversen<\/span><\/label>\n\t\t<input type=\"checkbox\" id=\"cmplz_service_diversen\" class=\"cmplz-accept-service cmplz-hidden\" data-service=\"diversen\" data-category=\"functional\"><\/div>\n\t<\/summary>\n\t<div class=\"cmplz-service-description\">\n\t\t<h4>Gebruik<\/h4>\n\t\t<p><\/p>\n\t<\/div>\n\t<div class=\"cmplz-sharing-data\">\n\t\t<h4>Delen van gegevens<\/h4>\n\t\t<p>Het delen van gegevens is in afwachting van onderzoek<\/p>\n\t<\/div>\n\t<div class=\"cookies-per-purpose\">\n    <div class=\"purpose\"><h4>Doel wordt onderzocht<\/h4><\/div>\n    <div class=\"name-header\">\n\t<h5>Naam<\/h5>\n<\/div>\n<div class=\"name\">extendify-chat-history-e7d0fbef-7687-47d0-9229-dc50200e3e3b<\/div>\n<div class=\"retention-header\">\n\t<h5>Expiratie<\/h5>\n<\/div>\n<div class=\"retention\"><\/div>\n<div class=\"function-header\">\n\t<h5>Functie<\/h5>\n<\/div>\n<div class=\"function\"><\/div>\n<div class=\"name-header\">\n\t<h5>Naam<\/h5>\n<\/div>\n<div class=\"name\">extendify-pages-e7d0fbef-7687-47d0-9229-dc50200e3e3b<\/div>\n<div class=\"retention-header\">\n\t<h5>Expiratie<\/h5>\n<\/div>\n<div class=\"retention\"><\/div>\n<div class=\"function-header\">\n\t<h5>Functie<\/h5>\n<\/div>\n<div class=\"function\"><\/div>\n<div class=\"name-header\">\n\t<h5>Naam<\/h5>\n<\/div>\n<div class=\"name\">extendify-launch-pages-selection-e7d0fbef-7687-47d0-9229-dc50200e3e3b<\/div>\n<div class=\"retention-header\">\n\t<h5>Expiratie<\/h5>\n<\/div>\n<div class=\"retention\"><\/div>\n<div class=\"function-header\">\n\t<h5>Functie<\/h5>\n<\/div>\n<div class=\"function\"><\/div>\n<div class=\"name-header\">\n\t<h5>Naam<\/h5>\n<\/div>\n<div class=\"name\">extendify-help-center-globals-sync-e7d0fbef-7687-47d0-9229-dc50200e3e3b<\/div>\n<div class=\"retention-header\">\n\t<h5>Expiratie<\/h5>\n<\/div>\n<div class=\"retention\"><\/div>\n<div class=\"function-header\">\n\t<h5>Functie<\/h5>\n<\/div>\n<div class=\"function\"><\/div>\n<div class=\"name-header\">\n\t<h5>Naam<\/h5>\n<\/div>\n<div class=\"name\">extendify-unsplash-images-e7d0fbef-7687-47d0-9229-dc50200e3e3b<\/div>\n<div class=\"retention-header\">\n\t<h5>Expiratie<\/h5>\n<\/div>\n<div class=\"retention\"><\/div>\n<div class=\"function-header\">\n\t<h5>Functie<\/h5>\n<\/div>\n<div class=\"function\"><\/div>\n<div class=\"name-header\">\n\t<h5>Naam<\/h5>\n<\/div>\n<div class=\"name\">storeApiCartData<\/div>\n<div class=\"retention-header\">\n\t<h5>Expiratie<\/h5>\n<\/div>\n<div class=\"retention\"><\/div>\n<div class=\"function-header\">\n\t<h5>Functie<\/h5>\n<\/div>\n<div class=\"function\"><\/div>\n<div class=\"name-header\">\n\t<h5>Naam<\/h5>\n<\/div>\n<div class=\"name\">extendify-library-cache-e7d0fbef-7687-47d0-9229-dc50200e3e3b<\/div>\n<div class=\"retention-header\">\n\t<h5>Expiratie<\/h5>\n<\/div>\n<div class=\"retention\"><\/div>\n<div class=\"function-header\">\n\t<h5>Functie<\/h5>\n<\/div>\n<div class=\"function\"><\/div>\n<div class=\"name-header\">\n\t<h5>Naam<\/h5>\n<\/div>\n<div class=\"name\">extendify-help-center-knowledge-base-e7d0fbef-7687-47d0-9229-dc50200e3e3b<\/div>\n<div class=\"retention-header\">\n\t<h5>Expiratie<\/h5>\n<\/div>\n<div class=\"retention\"><\/div>\n<div class=\"function-header\">\n\t<h5>Functie<\/h5>\n<\/div>\n<div class=\"function\"><\/div>\n<div class=\"name-header\">\n\t<h5>Naam<\/h5>\n<\/div>\n<div class=\"name\">extendify-help-center-router-e7d0fbef-7687-47d0-9229-dc50200e3e3b<\/div>\n<div class=\"retention-header\">\n\t<h5>Expiratie<\/h5>\n<\/div>\n<div class=\"retention\"><\/div>\n<div class=\"function-header\">\n\t<h5>Functie<\/h5>\n<\/div>\n<div class=\"function\"><\/div>\n<div class=\"name-header\">\n\t<h5>Naam<\/h5>\n<\/div>\n<div class=\"name\">adobeCleanFontAdded<\/div>\n<div class=\"retention-header\">\n\t<h5>Expiratie<\/h5>\n<\/div>\n<div class=\"retention\"><\/div>\n<div class=\"function-header\">\n\t<h5>Functie<\/h5>\n<\/div>\n<div class=\"function\"><\/div>\n<div class=\"name-header\">\n\t<h5>Naam<\/h5>\n<\/div>\n<div class=\"name\">cmplz_geconsenteerde_diensten<\/div>\n<div class=\"retention-header\">\n\t<h5>Expiratie<\/h5>\n<\/div>\n<div class=\"retention\">365 dagen<\/div>\n<div class=\"function-header\">\n\t<h5>Functie<\/h5>\n<\/div>\n<div class=\"function\"><\/div>\n<div class=\"name-header\">\n\t<h5>Naam<\/h5>\n<\/div>\n<div class=\"name\">cmplz_functioneel<\/div>\n<div class=\"retention-header\">\n\t<h5>Expiratie<\/h5>\n<\/div>\n<div class=\"retention\">365 dagen<\/div>\n<div class=\"function-header\">\n\t<h5>Functie<\/h5>\n<\/div>\n<div class=\"function\"><\/div>\n<div class=\"name-header\">\n\t<h5>Naam<\/h5>\n<\/div>\n<div class=\"name\">cmplz_policy_id<\/div>\n<div class=\"retention-header\">\n\t<h5>Expiratie<\/h5>\n<\/div>\n<div class=\"retention\">365 dagen<\/div>\n<div class=\"function-header\">\n\t<h5>Functie<\/h5>\n<\/div>\n<div class=\"function\"><\/div>\n<div class=\"name-header\">\n\t<h5>Naam<\/h5>\n<\/div>\n<div class=\"name\">cmplz_marketing<\/div>\n<div class=\"retention-header\">\n\t<h5>Expiratie<\/h5>\n<\/div>\n<div class=\"retention\">365 dagen<\/div>\n<div class=\"function-header\">\n\t<h5>Functie<\/h5>\n<\/div>\n<div class=\"function\"><\/div>\n<div class=\"name-header\">\n\t<h5>Naam<\/h5>\n<\/div>\n<div class=\"name\">cmplz_statistieken<\/div>\n<div class=\"retention-header\">\n\t<h5>Expiratie<\/h5>\n<\/div>\n<div class=\"retention\">365 dagen<\/div>\n<div class=\"function-header\">\n\t<h5>Functie<\/h5>\n<\/div>\n<div class=\"function\"><\/div>\n<div class=\"name-header\">\n\t<h5>Naam<\/h5>\n<\/div>\n<div class=\"name\">cmplz_voorkeuren<\/div>\n<div class=\"retention-header\">\n\t<h5>Expiratie<\/h5>\n<\/div>\n<div class=\"retention\">365 dagen<\/div>\n<div class=\"function-header\">\n\t<h5>Functie<\/h5>\n<\/div>\n<div class=\"function\"><\/div>\n<div class=\"name-header\">\n\t<h5>Naam<\/h5>\n<\/div>\n<div class=\"name\">cmplz_banner-status<\/div>\n<div class=\"retention-header\">\n\t<h5>Expiratie<\/h5>\n<\/div>\n<div class=\"retention\">365 dagen<\/div>\n<div class=\"function-header\">\n\t<h5>Functie<\/h5>\n<\/div>\n<div class=\"function\"><\/div>\n<div class=\"name-header\">\n\t<h5>Naam<\/h5>\n<\/div>\n<div class=\"name\">_ga<\/div>\n<div class=\"retention-header\">\n\t<h5>Expiratie<\/h5>\n<\/div>\n<div class=\"retention\"><\/div>\n<div class=\"function-header\">\n\t<h5>Functie<\/h5>\n<\/div>\n<div class=\"function\"><\/div>\n<div class=\"name-header\">\n\t<h5>Naam<\/h5>\n<\/div>\n<div class=\"name\">trp_taal<\/div>\n<div class=\"retention-header\">\n\t<h5>Expiratie<\/h5>\n<\/div>\n<div class=\"retention\"><\/div>\n<div class=\"function-header\">\n\t<h5>Functie<\/h5>\n<\/div>\n<div class=\"function\"><\/div>\n<div class=\"name-header\">\n\t<h5>Naam<\/h5>\n<\/div>\n<div class=\"name\">_ga_D1W1Q2NFTM<\/div>\n<div class=\"retention-header\">\n\t<h5>Expiratie<\/h5>\n<\/div>\n<div class=\"retention\"><\/div>\n<div class=\"function-header\">\n\t<h5>Functie<\/h5>\n<\/div>\n<div class=\"function\"><\/div>\n<div class=\"name-header\">\n\t<h5>Naam<\/h5>\n<\/div>\n<div class=\"name\">googlesitekit_1.160.1_e8c41313320659d0d814667f703e7da6_modules::analytics-4::report::86c9aa9fe3fea94<\/div>\n<div class=\"retention-header\">\n\t<h5>Expiratie<\/h5>\n<\/div>\n<div class=\"retention\"><\/div>\n<div class=\"function-header\">\n\t<h5>Functie<\/h5>\n<\/div>\n<div class=\"function\"><\/div>\n<div class=\"name-header\">\n\t<h5>Naam<\/h5>\n<\/div>\n<div class=\"name\">googlesitekit_1.160.1_e8c41313320659d0d814667f703e7da6_modules::search-console::searchanalytics::13b<\/div>\n<div class=\"retention-header\">\n\t<h5>Expiratie<\/h5>\n<\/div>\n<div class=\"retention\"><\/div>\n<div class=\"function-header\">\n\t<h5>Functie<\/h5>\n<\/div>\n<div class=\"function\"><\/div>\n<div class=\"name-header\">\n\t<h5>Naam<\/h5>\n<\/div>\n<div class=\"name\">googlesitekit_1.160.1_e8c41313320659d0d814667f703e7da6_modules::search-console::searchanalytics::e87<\/div>\n<div class=\"retention-header\">\n\t<h5>Expiratie<\/h5>\n<\/div>\n<div class=\"retention\"><\/div>\n<div class=\"function-header\">\n\t<h5>Functie<\/h5>\n<\/div>\n<div class=\"function\"><\/div>\n<div class=\"name-header\">\n\t<h5>Naam<\/h5>\n<\/div>\n<div class=\"name\">googlesitekit_1.160.1_e8c41313320659d0d814667f703e7da6_modules::analytics-4::report::20af609afdab436<\/div>\n<div class=\"retention-header\">\n\t<h5>Expiratie<\/h5>\n<\/div>\n<div class=\"retention\"><\/div>\n<div class=\"function-header\">\n\t<h5>Functie<\/h5>\n<\/div>\n<div class=\"function\"><\/div>\n<div class=\"name-header\">\n\t<h5>Naam<\/h5>\n<\/div>\n<div class=\"name\">extendify-agent-global-e7d0fbef-7687-47d0-9229-dc50200e3e3b<\/div>\n<div class=\"retention-header\">\n\t<h5>Expiratie<\/h5>\n<\/div>\n<div class=\"retention\"><\/div>\n<div class=\"function-header\">\n\t<h5>Functie<\/h5>\n<\/div>\n<div class=\"function\"><\/div>\n\n<\/div>\n<\/details>\n<\/div><h2>7. Stemming<\/h2><p>Als onze website hiervoor niet geschikt is, maken we een pop-up met een optie voor cookies. Zodra je op \u2018Voorkeuren opslaan\u2019 klikt, krijg je een herinnering over de categorie\u00ebn cookies en plugins die zijn opgeslagen in de pop-up en die zijn opgeslagen in het cookiebestand. Je kunt via je browser het plaatsen van cookies uitschakelen, je moet er dan wel rekening mee houden dat onze site dan mogelijk niet meer optimaal werkt.<\/p><p class=\"cmplz-subtitle\">7.1 Beheer uw cookie toestemming<\/p><div id=\"cmplz-manage-consent-container-nojavascript\">Je hebt het cookiebeleid geladen zonder ondersteuning voor JavaScript.&nbsp;Met AMP kun je de beheer toestemming knop onderaan de pagina gebruiken.<\/div><div id=\"cmplz-manage-consent-container\" name=\"cmplz-manage-consent-container\" class=\"cmplz-manage-consent-container\"><\/div><h2>8. Cookies in-\/uitschakelen en verwijderen<\/h2><p>Je kunt je internet browser gebruiken om cookies automatisch of handmatig te verwijderen. Het is ook belangrijk om ervoor te zorgen dat er geen cookies geplaatst kunnen worden. Een andere optie is om via de installatie van de internetbrowser ervoor te zorgen dat er geen cookie op de website wordt geplaatst. Voor meer informatie over deze opties verwijzen wij u naar de instructies in het Hulp-gedeelte van de browser.<\/p><p>Let op: onze site werkt mogelijk niet optimaal als alle cookies zijn uitgeschakeld. Als je wel de cookies in je browser verwijdert, worden ze na je toestemming opnieuw geplaatst bij een nieuw bezoek aan onze site.<\/p><h2>9. Je rechten met betrekking tot persoonsgegevens<\/h2><p>Het is de enige die in het publieke domein is geweest:<\/p><ul>\n                    <li>Het is goed dat we kunnen zien waarom ze persoonsgegevens nodig hebben, wat we hebben gedaan en hoe ze worden behandeld.<\/li>\n                    <li>Recht op input: het is noodzakelijk om een versie te verstrekken van de inputs in de outputs die we aan hen hebben verstrekt.<\/li>\n                    <li>Recht op rectificatie en aanvulling: je hebt het recht om je persoonlijke gegevens aan te vullen, te corrigeren, te verwijderen of te blokkeren wanneer je maar wilt.<\/li>\n                    <li>Als je ons toestemming geeft om je gegevens te verwerken, heb je het recht om die toestemming in te trekken en je persoonlijke gegevens te laten verwijderen.<\/li>\n                    <li>Recht om je gegevens over te dragen: je hebt het recht om al je persoonlijke gegevens op te vragen bij de verwerkingsverantwoordelijke en deze in hun geheel over te dragen aan een andere verwerkingsverantwoordelijke.<\/li>\n                    <li>Recht op bezwaar: je kunt bezwaar maken tegen de verwerking van je gegevens. We zullen dit niet kunnen doen, omdat er geen andere redenen zijn om dit te doen.<\/li>\n                <\/ul><p>Voor deze rechten uit te oefenen, laat me contact met je opnemen. Verwijs naar de contactgegevens onderaan dit cookiebeleid. Als er een contract moet worden getekend, zullen we met hen onderhandelen, maar we hebben ook het recht om een contract voor te leggen aan de bevoegde instantie (de Autoriteit Persoonsgegevens).<\/p><h2>10. Contactgegevens<\/h2><p>Voor vragen en\/of opmerkingen met betrekking tot ons cookiebeleid en deze verklaring kun je contact met ons opnemen via de volgende contactinformatie:<\/p><p><span class=\"cmplz-contact-organisation\">Wereld van Stenen s.r.o.<\/span><br>\n                      <span class=\"cmplz-contact-address\">Dukelsk\u00fdch hrdin\u016f 2269. Ro\u017enov pod Radho\u0161t\u011bm, 75661<\/span><br>\n                      <span class=\"cmplz-contact-country\">Tsjechische Republiek<\/span><br>\n                    Locatie: <span class=\"cmplz-contact-domain\"><a href=\"https:\/\/mincool.org\/nl\">https:\/\/mincool.org\/nl<\/a><\/span><br>\n                    E-mail: <span class=\"cmplz-contact-email\"><span class=\"cmplz-obfuscate\">i&#110;&#102;&#111;@<span class=\"cmplz-fmail-domain\">ex.co&#109;<\/span>&#115;ve&#116;&#107;a&#109;&#101;nu.&#099;z<\/span><\/span><br>\n                    <span class=\"cmplz-contact-telephone\">Telefoonnummer: +420571657766<\/span><\/p><p>Dit Cookiebeleid is gesynchroniseerd met <a href=\"https:\/\/cookiedatabase.org\/\" target=\"_blank\">cookiedatabase.org<\/a> op 03\/09\/2025.<\/p><\/div>","protected":false},"excerpt":{"rendered":"","protected":false},"author":1,"featured_media":0,"parent":0,"menu_order":0,"comment_status":"closed","ping_status":"closed","template":"page-with-title","meta":{"footnotes":""},"class_list":["post-513","page","type-page","status-publish","hentry"],"aioseo_notices":[],"_links":{"self":[{"href":"https:\/\/mincool.org\/nl\/wp-json\/wp\/v2\/pages\/513","targetHints":{"allow":["GET"]}}],"collection":[{"href":"https:\/\/mincool.org\/nl\/wp-json\/wp\/v2\/pages"}],"about":[{"href":"https:\/\/mincool.org\/nl\/wp-json\/wp\/v2\/types\/page"}],"author":[{"embeddable":true,"href":"https:\/\/mincool.org\/nl\/wp-json\/wp\/v2\/users\/1"}],"replies":[{"embeddable":true,"href":"https:\/\/mincool.org\/nl\/wp-json\/wp\/v2\/comments?post=513"}],"version-history":[{"count":0,"href":"https:\/\/mincool.org\/nl\/wp-json\/wp\/v2\/pages\/513\/revisions"}],"wp:attachment":[{"href":"https:\/\/mincool.org\/nl\/wp-json\/wp\/v2\/media?parent=513"}],"curies":[{"name":"wp","href":"https:\/\/api.w.org\/{rel}","templated":true}]}}