{"id":513,"date":"2025-09-10T13:16:18","date_gmt":"2025-09-10T13:16:18","guid":{"rendered":"https:\/\/mincool.org\/zasady-cookies-eu\/"},"modified":"2025-09-10T13:16:18","modified_gmt":"2025-09-10T13:16:18","slug":"polityka-plikow-cookie-ue","status":"publish","type":"page","link":"https:\/\/mincool.org\/pl\/polityka-plikow-cookie-ue\/","title":{"rendered":"Polityka dotycz\u0105ca plik\u00f3w cookie (UE)"},"content":{"rendered":"<!-- Legal document generated by Complianz | GDPR\/CCPA Cookie Consent https:\/\/wordpress.org\/plugins\/complianz-gdpr -->\n<div id=\"cmplz-document\" class=\"cmplz-document cookie-statement cmplz-document-eu\"><p><i>Niniejsze o\u015bwiadczenie dotycz\u0105ce plik\u00f3w cookie zosta\u0142o ostatnio zaktualizowane w dniu 06\/08\/2025 i dotyczy obywateli i legalnych sta\u0142ych mieszka\u0144c\u00f3w Europejskiego Obszaru Gospodarczego i Szwajcarii.<\/i><br><\/p><h2>1. wprowadzenie<\/h2><p>Nasza strona internetowa, <a href=\"https:\/\/mincool.org\/pl\">https:\/\/mincool.org\/pl<\/a> (\u201eWitryna\u201d) wykorzystuje pliki cookie i inne powi\u0105zane technologie (dla wygody wszystkie technologie s\u0105 okre\u015blane jako \u201epliki cookie\u201d). Pliki cookie s\u0105 r\u00f3wnie\u017c umieszczane przez podmioty zewn\u0119trzne. W poni\u017cszym dokumencie informujemy o korzystaniu z plik\u00f3w cookie na naszej stronie internetowej.<\/p><h2>2. Czym s\u0105 pliki cookie?<\/h2><p>Plik cookie to ma\u0142y, prosty plik, kt\u00f3ry jest wysy\u0142any wraz ze stronami tej witryny i przechowywany przez przegl\u0105dark\u0119 na dysku twardym komputera lub innego urz\u0105dzenia. Przechowywane informacje mog\u0105 zosta\u0107 zwr\u00f3cone na nasze serwery lub serwery odpowiednich stron trzecich przy nast\u0119pnej wizycie u\u017cytkownika.<\/p><h2>3. Czym s\u0105 skrypty?<\/h2><p>Skrypt to fragment kodu programu, kt\u00f3ry jest u\u017cywany do prawid\u0142owego i interaktywnego dzia\u0142ania naszej witryny. Kod ten jest wykonywany na naszym serwerze lub na urz\u0105dzeniu u\u017cytkownika.<\/p><h2>4. Co to jest znacznik pikselowy?<\/h2><p>Web beacon (lub znacznik pikselowy) to ma\u0142y, niewidoczny fragment tekstu lub obrazu na stronie internetowej, kt\u00f3ry s\u0142u\u017cy do monitorowania ruchu w sieci. W tym celu r\u00f3\u017cne dane o u\u017cytkowniku s\u0105 przechowywane za pomoc\u0105 sygna\u0142\u00f3w nawigacyjnych.<\/p><h2>5. Pliki cookie<\/h2><p class=\"cmplz-subtitle\">5.1 Techniczne lub funkcjonalne pliki cookie<\/p><p>Niekt\u00f3re pliki cookie zapewniaj\u0105 prawid\u0142owe dzia\u0142anie niekt\u00f3rych cz\u0119\u015bci witryny i znajomo\u015b\u0107 preferencji u\u017cytkownika. Umieszczaj\u0105c funkcjonalne pliki cookie, u\u0142atwiamy odwiedzanie naszej witryny. W ten spos\u00f3b nie trzeba wielokrotnie wprowadza\u0107 tych samych informacji podczas odwiedzania naszej witryny, a na przyk\u0142ad produkty pozostaj\u0105 w koszyku do momentu zap\u0142aty. Mo\u017cemy umieszcza\u0107 te pliki cookie bez zgody u\u017cytkownika.<\/p><p class=\"cmplz-subtitle\">5.2 Analityczne pliki cookie<\/p><p>U\u017cywamy analitycznych plik\u00f3w cookie, aby zoptymalizowa\u0107 korzystanie z witryny przez naszych u\u017cytkownik\u00f3w. Te analityczne pliki cookie daj\u0105 nam wgl\u0105d w korzystanie z naszej witryny. Prosimy o wyra\u017cenie zgody na umieszczanie analitycznych plik\u00f3w cookie.<\/p><h2>6. Umieszczone pliki cookie<\/h2><div id=\"cmplz-cookies-overview\"><details class=\"cmplz-dropdown cmplz-service-desc cmplz-dropdown-cookiepolicy\">\n\t<summary class=\"cmplz-service-header\"><div>\n\t\t<h3>WordPress<\/h3>\n\t\t<p>Cel w toku sprawdzania<\/p>\n\t\t<label for=\"cmplz_service_wordpress\" class=\"cmplz_consent_per_service_label\"><span class=\"screen-reader-text\">Zgoda na obs\u0142ug\u0119 wordpress<\/span><\/label>\n\t\t<input type=\"checkbox\" id=\"cmplz_service_wordpress\" class=\"cmplz-accept-service cmplz-hidden\" data-service=\"wordpress\" data-category=\"functional\"><\/div>\n\t<\/summary>\n\t<div class=\"cmplz-service-description\">\n\t\t<h4>U\u017cywanie<\/h4>\n\t\t<p>U\u017cywamy WordPress dla rozw\u00f3j strony internetowej. <a target=\"_blank\" rel=\"noopener noreferrer nofollow\" href=\"https:\/\/cookiedatabase.org\/service\/wordpress\/\">Read more about WordPress<\/a><\/p>\n\t<\/div>\n\t<div class=\"cmplz-sharing-data\">\n\t\t<h4>Udost\u0119pnianie danych<\/h4>\n\t\t<p>Dane te nie s\u0105 udost\u0119pniane osobom trzecim.<\/p>\n\t<\/div>\n\t<div class=\"cookies-per-purpose\">\n    <div class=\"purpose\"><h4>Cel w toku sprawdzania<\/h4><\/div>\n    <div class=\"name-header\">\n\t<h5>Nazwa<\/h5>\n<\/div>\n<div class=\"name\"><a target=\"_blank\" rel=\"noopener noreferrer nofollow\" href=\"https:\/\/cookiedatabase.org\/cookie\/wordpress\/wp_preferences_user_\/\">WP_PREFERENCES_USER_*<\/a><\/div>\n<div class=\"retention-header\">\n\t<h5>Wyga\u015bni\u0119cie<\/h5>\n<\/div>\n<div class=\"retention\"><\/div>\n<div class=\"function-header\">\n\t<h5>Funkcja<\/h5>\n<\/div>\n<div class=\"function\"><\/div>\n<div class=\"name-header\">\n\t<h5>Nazwa<\/h5>\n<\/div>\n<div class=\"name\"><a target=\"_blank\" rel=\"noopener noreferrer nofollow\" href=\"https:\/\/cookiedatabase.org\/cookie\/wordpress\/wpemojisettingssupports\/\">wpEmojiSettingsSupports<\/a><\/div>\n<div class=\"retention-header\">\n\t<h5>Wyga\u015bni\u0119cie<\/h5>\n<\/div>\n<div class=\"retention\"><\/div>\n<div class=\"function-header\">\n\t<h5>Funkcja<\/h5>\n<\/div>\n<div class=\"function\"><\/div>\n<div class=\"name-header\">\n\t<h5>Nazwa<\/h5>\n<\/div>\n<div class=\"name\"><a target=\"_blank\" rel=\"noopener noreferrer nofollow\" href=\"https:\/\/cookiedatabase.org\/cookie\/wordpress\/wp-settings-time\/\">wp-settings-time-*<\/a><\/div>\n<div class=\"retention-header\">\n\t<h5>Wyga\u015bni\u0119cie<\/h5>\n<\/div>\n<div class=\"retention\"><\/div>\n<div class=\"function-header\">\n\t<h5>Funkcja<\/h5>\n<\/div>\n<div class=\"function\"><\/div>\n<div class=\"name-header\">\n\t<h5>Nazwa<\/h5>\n<\/div>\n<div class=\"name\"><a target=\"_blank\" rel=\"noopener noreferrer nofollow\" href=\"https:\/\/cookiedatabase.org\/cookie\/wordpress\/wp-settings\/\">wp-settings-*<\/a><\/div>\n<div class=\"retention-header\">\n\t<h5>Wyga\u015bni\u0119cie<\/h5>\n<\/div>\n<div class=\"retention\"><\/div>\n<div class=\"function-header\">\n\t<h5>Funkcja<\/h5>\n<\/div>\n<div class=\"function\"><\/div>\n<div class=\"name-header\">\n\t<h5>Nazwa<\/h5>\n<\/div>\n<div class=\"name\"><a target=\"_blank\" rel=\"noopener noreferrer nofollow\" href=\"https:\/\/cookiedatabase.org\/cookie\/wordpress\/wordpress_test_cookie\/\">wordpress_test_cookie<\/a><\/div>\n<div class=\"retention-header\">\n\t<h5>Wyga\u015bni\u0119cie<\/h5>\n<\/div>\n<div class=\"retention\"><\/div>\n<div class=\"function-header\">\n\t<h5>Funkcja<\/h5>\n<\/div>\n<div class=\"function\"><\/div>\n<div class=\"name-header\">\n\t<h5>Nazwa<\/h5>\n<\/div>\n<div class=\"name\"><a target=\"_blank\" rel=\"noopener noreferrer nofollow\" href=\"https:\/\/cookiedatabase.org\/cookie\/wordpress\/wordpress_logged_in_\/\">wordpress_logged_in_*<\/a><\/div>\n<div class=\"retention-header\">\n\t<h5>Wyga\u015bni\u0119cie<\/h5>\n<\/div>\n<div class=\"retention\"><\/div>\n<div class=\"function-header\">\n\t<h5>Funkcja<\/h5>\n<\/div>\n<div class=\"function\"><\/div>\n\n<\/div>\n<\/details>\n<details class=\"cmplz-dropdown cmplz-service-desc cmplz-dropdown-cookiepolicy\">\n\t<summary class=\"cmplz-service-header\"><div>\n\t\t<h3>R\u00f3\u017cne<\/h3>\n\t\t<p>Cel w toku sprawdzania<\/p>\n\t\t<label for=\"cmplz_service_r\u00f3\u017cne\" class=\"cmplz_consent_per_service_label\"><span class=\"screen-reader-text\">Consent to service r\u00f3\u017cne<\/span><\/label>\n\t\t<input type=\"checkbox\" id=\"cmplz_service_r\u00f3\u017cne\" class=\"cmplz-accept-service cmplz-hidden\" data-service=\"r\u00f3\u017cne\" data-category=\"functional\"><\/div>\n\t<\/summary>\n\t<div class=\"cmplz-service-description\">\n\t\t<h4>U\u017cywanie<\/h4>\n\t\t<p><\/p>\n\t<\/div>\n\t<div class=\"cmplz-sharing-data\">\n\t\t<h4>Udost\u0119pnianie danych<\/h4>\n\t\t<p>Udost\u0119pnianie danych oczekuje na dochodzenie<\/p>\n\t<\/div>\n\t<div class=\"cookies-per-purpose\">\n    <div class=\"purpose\"><h4>Cel w toku sprawdzania<\/h4><\/div>\n    <div class=\"name-header\">\n\t<h5>Nazwa<\/h5>\n<\/div>\n<div class=\"name\">extendify-chat-history-e7d0fbef-7687-47d0-9229-dc50200e3e3b<\/div>\n<div class=\"retention-header\">\n\t<h5>Wyga\u015bni\u0119cie<\/h5>\n<\/div>\n<div class=\"retention\"><\/div>\n<div class=\"function-header\">\n\t<h5>Funkcja<\/h5>\n<\/div>\n<div class=\"function\"><\/div>\n<div class=\"name-header\">\n\t<h5>Nazwa<\/h5>\n<\/div>\n<div class=\"name\">extendify-pages-e7d0fbef-7687-47d0-9229-dc50200e3e3b<\/div>\n<div class=\"retention-header\">\n\t<h5>Wyga\u015bni\u0119cie<\/h5>\n<\/div>\n<div class=\"retention\"><\/div>\n<div class=\"function-header\">\n\t<h5>Funkcja<\/h5>\n<\/div>\n<div class=\"function\"><\/div>\n<div class=\"name-header\">\n\t<h5>Nazwa<\/h5>\n<\/div>\n<div class=\"name\">extendify-launch-pages-selection-e7d0fbef-7687-47d0-9229-dc50200e3e3b<\/div>\n<div class=\"retention-header\">\n\t<h5>Wyga\u015bni\u0119cie<\/h5>\n<\/div>\n<div class=\"retention\"><\/div>\n<div class=\"function-header\">\n\t<h5>Funkcja<\/h5>\n<\/div>\n<div class=\"function\"><\/div>\n<div class=\"name-header\">\n\t<h5>Nazwa<\/h5>\n<\/div>\n<div class=\"name\">extendify-help-center-globals-sync-e7d0fbef-7687-47d0-9229-dc50200e3e3b<\/div>\n<div class=\"retention-header\">\n\t<h5>Wyga\u015bni\u0119cie<\/h5>\n<\/div>\n<div class=\"retention\"><\/div>\n<div class=\"function-header\">\n\t<h5>Funkcja<\/h5>\n<\/div>\n<div class=\"function\"><\/div>\n<div class=\"name-header\">\n\t<h5>Nazwa<\/h5>\n<\/div>\n<div class=\"name\">extendify-unsplash-images-e7d0fbef-7687-47d0-9229-dc50200e3e3b<\/div>\n<div class=\"retention-header\">\n\t<h5>Wyga\u015bni\u0119cie<\/h5>\n<\/div>\n<div class=\"retention\"><\/div>\n<div class=\"function-header\">\n\t<h5>Funkcja<\/h5>\n<\/div>\n<div class=\"function\"><\/div>\n<div class=\"name-header\">\n\t<h5>Nazwa<\/h5>\n<\/div>\n<div class=\"name\">storeApiCartData<\/div>\n<div class=\"retention-header\">\n\t<h5>Wyga\u015bni\u0119cie<\/h5>\n<\/div>\n<div class=\"retention\"><\/div>\n<div class=\"function-header\">\n\t<h5>Funkcja<\/h5>\n<\/div>\n<div class=\"function\"><\/div>\n<div class=\"name-header\">\n\t<h5>Nazwa<\/h5>\n<\/div>\n<div class=\"name\">extendify-library-cache-e7d0fbef-7687-47d0-9229-dc50200e3e3b<\/div>\n<div class=\"retention-header\">\n\t<h5>Wyga\u015bni\u0119cie<\/h5>\n<\/div>\n<div class=\"retention\"><\/div>\n<div class=\"function-header\">\n\t<h5>Funkcja<\/h5>\n<\/div>\n<div class=\"function\"><\/div>\n<div class=\"name-header\">\n\t<h5>Nazwa<\/h5>\n<\/div>\n<div class=\"name\">extendify-help-center-knowledge-base-e7d0fbef-7687-47d0-9229-dc50200e3e3b<\/div>\n<div class=\"retention-header\">\n\t<h5>Wyga\u015bni\u0119cie<\/h5>\n<\/div>\n<div class=\"retention\"><\/div>\n<div class=\"function-header\">\n\t<h5>Funkcja<\/h5>\n<\/div>\n<div class=\"function\"><\/div>\n<div class=\"name-header\">\n\t<h5>Nazwa<\/h5>\n<\/div>\n<div class=\"name\">extendify-help-center-router-e7d0fbef-7687-47d0-9229-dc50200e3e3b<\/div>\n<div class=\"retention-header\">\n\t<h5>Wyga\u015bni\u0119cie<\/h5>\n<\/div>\n<div class=\"retention\"><\/div>\n<div class=\"function-header\">\n\t<h5>Funkcja<\/h5>\n<\/div>\n<div class=\"function\"><\/div>\n<div class=\"name-header\">\n\t<h5>Nazwa<\/h5>\n<\/div>\n<div class=\"name\">adobeCleanFontAdded<\/div>\n<div class=\"retention-header\">\n\t<h5>Wyga\u015bni\u0119cie<\/h5>\n<\/div>\n<div class=\"retention\"><\/div>\n<div class=\"function-header\">\n\t<h5>Funkcja<\/h5>\n<\/div>\n<div class=\"function\"><\/div>\n<div class=\"name-header\">\n\t<h5>Nazwa<\/h5>\n<\/div>\n<div class=\"name\">cmplz_consented_services<\/div>\n<div class=\"retention-header\">\n\t<h5>Wyga\u015bni\u0119cie<\/h5>\n<\/div>\n<div class=\"retention\">365 dni<\/div>\n<div class=\"function-header\">\n\t<h5>Funkcja<\/h5>\n<\/div>\n<div class=\"function\"><\/div>\n<div class=\"name-header\">\n\t<h5>Nazwa<\/h5>\n<\/div>\n<div class=\"name\">cmplz_functional<\/div>\n<div class=\"retention-header\">\n\t<h5>Wyga\u015bni\u0119cie<\/h5>\n<\/div>\n<div class=\"retention\">365 dni<\/div>\n<div class=\"function-header\">\n\t<h5>Funkcja<\/h5>\n<\/div>\n<div class=\"function\"><\/div>\n<div class=\"name-header\">\n\t<h5>Nazwa<\/h5>\n<\/div>\n<div class=\"name\">cmplz_policy_id<\/div>\n<div class=\"retention-header\">\n\t<h5>Wyga\u015bni\u0119cie<\/h5>\n<\/div>\n<div class=\"retention\">365 dni<\/div>\n<div class=\"function-header\">\n\t<h5>Funkcja<\/h5>\n<\/div>\n<div class=\"function\"><\/div>\n<div class=\"name-header\">\n\t<h5>Nazwa<\/h5>\n<\/div>\n<div class=\"name\">cmplz_marketing<\/div>\n<div class=\"retention-header\">\n\t<h5>Wyga\u015bni\u0119cie<\/h5>\n<\/div>\n<div class=\"retention\">365 dni<\/div>\n<div class=\"function-header\">\n\t<h5>Funkcja<\/h5>\n<\/div>\n<div class=\"function\"><\/div>\n<div class=\"name-header\">\n\t<h5>Nazwa<\/h5>\n<\/div>\n<div class=\"name\">cmplz_statistics<\/div>\n<div class=\"retention-header\">\n\t<h5>Wyga\u015bni\u0119cie<\/h5>\n<\/div>\n<div class=\"retention\">365 dni<\/div>\n<div class=\"function-header\">\n\t<h5>Funkcja<\/h5>\n<\/div>\n<div class=\"function\"><\/div>\n<div class=\"name-header\">\n\t<h5>Nazwa<\/h5>\n<\/div>\n<div class=\"name\">cmplz_preferences<\/div>\n<div class=\"retention-header\">\n\t<h5>Wyga\u015bni\u0119cie<\/h5>\n<\/div>\n<div class=\"retention\">365 dni<\/div>\n<div class=\"function-header\">\n\t<h5>Funkcja<\/h5>\n<\/div>\n<div class=\"function\"><\/div>\n<div class=\"name-header\">\n\t<h5>Nazwa<\/h5>\n<\/div>\n<div class=\"name\">cmplz_banner-status<\/div>\n<div class=\"retention-header\">\n\t<h5>Wyga\u015bni\u0119cie<\/h5>\n<\/div>\n<div class=\"retention\">365 dni<\/div>\n<div class=\"function-header\">\n\t<h5>Funkcja<\/h5>\n<\/div>\n<div class=\"function\"><\/div>\n<div class=\"name-header\">\n\t<h5>Nazwa<\/h5>\n<\/div>\n<div class=\"name\">_ga<\/div>\n<div class=\"retention-header\">\n\t<h5>Wyga\u015bni\u0119cie<\/h5>\n<\/div>\n<div class=\"retention\"><\/div>\n<div class=\"function-header\">\n\t<h5>Funkcja<\/h5>\n<\/div>\n<div class=\"function\"><\/div>\n<div class=\"name-header\">\n\t<h5>Nazwa<\/h5>\n<\/div>\n<div class=\"name\">trp_language<\/div>\n<div class=\"retention-header\">\n\t<h5>Wyga\u015bni\u0119cie<\/h5>\n<\/div>\n<div class=\"retention\"><\/div>\n<div class=\"function-header\">\n\t<h5>Funkcja<\/h5>\n<\/div>\n<div class=\"function\"><\/div>\n<div class=\"name-header\">\n\t<h5>Nazwa<\/h5>\n<\/div>\n<div class=\"name\">_ga_D1W1Q2NFTM<\/div>\n<div class=\"retention-header\">\n\t<h5>Wyga\u015bni\u0119cie<\/h5>\n<\/div>\n<div class=\"retention\"><\/div>\n<div class=\"function-header\">\n\t<h5>Funkcja<\/h5>\n<\/div>\n<div class=\"function\"><\/div>\n<div class=\"name-header\">\n\t<h5>Nazwa<\/h5>\n<\/div>\n<div class=\"name\">googlesitekit_1.160.1_e8c41313320659d0d814667f703e7da6_modules::analytics-4::report::86c9aa9fe3fea94<\/div>\n<div class=\"retention-header\">\n\t<h5>Wyga\u015bni\u0119cie<\/h5>\n<\/div>\n<div class=\"retention\"><\/div>\n<div class=\"function-header\">\n\t<h5>Funkcja<\/h5>\n<\/div>\n<div class=\"function\"><\/div>\n<div class=\"name-header\">\n\t<h5>Nazwa<\/h5>\n<\/div>\n<div class=\"name\">googlesitekit_1.160.1_e8c41313320659d0d814667f703e7da6_modules::search-console::searchanalytics::13b<\/div>\n<div class=\"retention-header\">\n\t<h5>Wyga\u015bni\u0119cie<\/h5>\n<\/div>\n<div class=\"retention\"><\/div>\n<div class=\"function-header\">\n\t<h5>Funkcja<\/h5>\n<\/div>\n<div class=\"function\"><\/div>\n<div class=\"name-header\">\n\t<h5>Nazwa<\/h5>\n<\/div>\n<div class=\"name\">googlesitekit_1.160.1_e8c41313320659d0d814667f703e7da6_modules::search-console::searchanalytics::e87<\/div>\n<div class=\"retention-header\">\n\t<h5>Wyga\u015bni\u0119cie<\/h5>\n<\/div>\n<div class=\"retention\"><\/div>\n<div class=\"function-header\">\n\t<h5>Funkcja<\/h5>\n<\/div>\n<div class=\"function\"><\/div>\n<div class=\"name-header\">\n\t<h5>Nazwa<\/h5>\n<\/div>\n<div class=\"name\">googlesitekit_1.160.1_e8c41313320659d0d814667f703e7da6_modules::analytics-4::report::20af609afdab436<\/div>\n<div class=\"retention-header\">\n\t<h5>Wyga\u015bni\u0119cie<\/h5>\n<\/div>\n<div class=\"retention\"><\/div>\n<div class=\"function-header\">\n\t<h5>Funkcja<\/h5>\n<\/div>\n<div class=\"function\"><\/div>\n<div class=\"name-header\">\n\t<h5>Nazwa<\/h5>\n<\/div>\n<div class=\"name\">extendify-agent-global-e7d0fbef-7687-47d0-9229-dc50200e3e3b<\/div>\n<div class=\"retention-header\">\n\t<h5>Wyga\u015bni\u0119cie<\/h5>\n<\/div>\n<div class=\"retention\"><\/div>\n<div class=\"function-header\">\n\t<h5>Funkcja<\/h5>\n<\/div>\n<div class=\"function\"><\/div>\n\n<\/div>\n<\/details>\n<\/div><h2>7. Zgoda<\/h2><p>Podczas pierwszej wizyty na naszej stronie wy\u015bwietlone zostanie wyskakuj\u0105ce okienko z wyja\u015bnieniem dotycz\u0105cym plik\u00f3w cookie. Klikaj\u0105c przycisk \u201eZapisz preferencje\u201c, u\u017cytkownik wyra\u017ca zgod\u0119 na korzystanie przez nas z kategorii plik\u00f3w cookie i wtyczek wybranych w wyskakuj\u0105cym okienku, zgodnie z opisem w niniejszym o\u015bwiadczeniu dotycz\u0105cym plik\u00f3w cookie. Mo\u017cesz wy\u0142\u0105czy\u0107 korzystanie z plik\u00f3w cookie za pomoc\u0105 przegl\u0105darki, ale pami\u0119taj, \u017ce nasza witryna mo\u017ce nie dzia\u0142a\u0107 poprawnie.<\/p><p class=\"cmplz-subtitle\">7.1 Zarz\u0105dzanie ustawieniami zgody na pliki cookie<\/p><div id=\"cmplz-manage-consent-container-nojavascript\">Za\u0142adowa\u0142e\u015b polityk\u0119 plik\u00f3w cookie bez obs\u0142ugi javascript.&nbsp;Na AMP, mo\u017cesz u\u017cy\u0107 przycisku zarz\u0105dzania zgod\u0105, kt\u00f3ry znajduje si\u0119 na dole strony.<\/div><div id=\"cmplz-manage-consent-container\" name=\"cmplz-manage-consent-container\" class=\"cmplz-manage-consent-container\"><\/div><h2>8) W\u0142\u0105czanie\/wy\u0142\u0105czanie i usuwanie plik\u00f3w cookie<\/h2><p>Za pomoc\u0105 przegl\u0105darki internetowej mo\u017cna automatycznie lub r\u0119cznie usuwa\u0107 pliki cookie. Mo\u017cna r\u00f3wnie\u017c okre\u015bli\u0107, \u017ce niekt\u00f3re pliki cookie nie mog\u0105 by\u0107 umieszczane. Inn\u0105 opcj\u0105 jest zmiana ustawie\u0144 przegl\u0105darki internetowej tak, aby u\u017cytkownik otrzymywa\u0142 komunikat za ka\u017cdym razem, gdy plik cookie zostanie umieszczony. Aby uzyska\u0107 wi\u0119cej informacji na temat tych opcji, zapoznaj si\u0119 z instrukcjami w sekcji pomocy przegl\u0105darki.<\/p><p>Nale\u017cy pami\u0119ta\u0107, \u017ce nasza strona internetowa mo\u017ce nie dzia\u0142a\u0107 prawid\u0142owo, je\u015bli wszystkie pliki cookie s\u0105 wy\u0142\u0105czone. Je\u015bli usuniesz pliki cookie w przegl\u0105darce, zostan\u0105 one ponownie umieszczone, gdy wyrazisz zgod\u0119 na ponowne odwiedzenie naszych stron internetowych.<\/p><h2>9. Prawa u\u017cytkownika w odniesieniu do danych osobowych<\/h2><p>U\u017cytkownikowi przys\u0142uguj\u0105 nast\u0119puj\u0105ce prawa w odniesieniu do jego danych osobowych:<\/p><ul>\n                    <li>U\u017cytkownik ma prawo wiedzie\u0107, dlaczego jego dane osobowe s\u0105 potrzebne, co si\u0119 z nimi stanie i jak d\u0142ugo b\u0119d\u0105 przechowywane.<\/li>\n                    <li>Prawo dost\u0119pu: u\u017cytkownik ma prawo dost\u0119pu do swoich danych osobowych, kt\u00f3re znamy.<\/li>\n                    <li>Prawo do sprostowania: u\u017cytkownik ma prawo do uzupe\u0142nienia, poprawienia, usuni\u0119cia lub zablokowania swoich danych osobowych w dowolnym momencie.<\/li>\n                    <li>Je\u015bli u\u017cytkownik wyrazi zgod\u0119 na przetwarzanie jego danych, ma prawo do wycofania tej zgody i usuni\u0119cia swoich danych osobowych.<\/li>\n                    <li>Prawo do przenoszenia danych: u\u017cytkownik ma prawo za\u017c\u0105da\u0107 od administratora przeniesienia wszystkich swoich danych osobowych do innego administratora.<\/li>\n                    <li>Prawo do sprzeciwu: u\u017cytkownik mo\u017ce sprzeciwi\u0107 si\u0119 przetwarzaniu jego danych. B\u0119dziemy tego przestrzega\u0107, chyba \u017ce istniej\u0105 uzasadnione podstawy do przetwarzania.<\/li>\n                <\/ul><p>Aby skorzysta\u0107 z tych praw, nale\u017cy skontaktowa\u0107 si\u0119 z nami. Dane kontaktowe znajduj\u0105 si\u0119 na dole niniejszego o\u015bwiadczenia dotycz\u0105cego plik\u00f3w cookie. Je\u015bli masz skarg\u0119 dotycz\u0105c\u0105 sposobu przetwarzania Twoich danych, chcieliby\u015bmy us\u0142ysze\u0107 od Ciebie, ale masz r\u00f3wnie\u017c prawo do z\u0142o\u017cenia skargi do organu nadzorczego (organu ochrony danych).<\/p><h2>10. Dane kontaktowe<\/h2><p>W przypadku jakichkolwiek pyta\u0144 i\/lub uwag dotycz\u0105cych naszej polityki plik\u00f3w cookie i niniejszego o\u015bwiadczenia, prosimy o kontakt przy u\u017cyciu nast\u0119puj\u0105cych danych kontaktowych:<\/p><p><span class=\"cmplz-contact-organisation\">World of Stones s.r.o.<\/span><br>\n                      <span class=\"cmplz-contact-address\">Dukelsk\u00fdch hrdin\u016f 2269. Ro\u017enov pod Radho\u0161t\u011bm, 75661<\/span><br>\n                      <span class=\"cmplz-contact-country\">Republika Czeska<\/span><br>\n                    Strona internetowa: <span class=\"cmplz-contact-domain\"><a href=\"https:\/\/mincool.org\/pl\">https:\/\/mincool.org\/pl<\/a><\/span><br>\n                    Adres e-mail: <span class=\"cmplz-contact-email\"><span class=\"cmplz-obfuscate\">i&#110;&#102;o@<span class=\"cmplz-fmail-domain\">ex.com<\/span>s&#118;et&#107;&#097;&#109;&#101;&#110;&#117;.c&#122;<\/span><\/span><br>\n                    <span class=\"cmplz-contact-telephone\">Numer telefonu: +420571657766<\/span><\/p><p>Niniejsza Polityka dotycz\u0105ca plik\u00f3w cookie zosta\u0142a zsynchronizowana z  <a href=\"https:\/\/cookiedatabase.org\/\" target=\"_blank\">cookiedatabase.org<\/a> w dniu 03\/09\/2025.<\/p><\/div>","protected":false},"excerpt":{"rendered":"","protected":false},"author":1,"featured_media":0,"parent":0,"menu_order":0,"comment_status":"closed","ping_status":"closed","template":"page-with-title","meta":{"footnotes":""},"class_list":["post-513","page","type-page","status-publish","hentry"],"aioseo_notices":[],"_links":{"self":[{"href":"https:\/\/mincool.org\/pl\/wp-json\/wp\/v2\/pages\/513","targetHints":{"allow":["GET"]}}],"collection":[{"href":"https:\/\/mincool.org\/pl\/wp-json\/wp\/v2\/pages"}],"about":[{"href":"https:\/\/mincool.org\/pl\/wp-json\/wp\/v2\/types\/page"}],"author":[{"embeddable":true,"href":"https:\/\/mincool.org\/pl\/wp-json\/wp\/v2\/users\/1"}],"replies":[{"embeddable":true,"href":"https:\/\/mincool.org\/pl\/wp-json\/wp\/v2\/comments?post=513"}],"version-history":[{"count":0,"href":"https:\/\/mincool.org\/pl\/wp-json\/wp\/v2\/pages\/513\/revisions"}],"wp:attachment":[{"href":"https:\/\/mincool.org\/pl\/wp-json\/wp\/v2\/media?parent=513"}],"curies":[{"name":"wp","href":"https:\/\/api.w.org\/{rel}","templated":true}]}}