{"id":75,"date":"2025-07-30T08:59:28","date_gmt":"2025-07-30T08:59:28","guid":{"rendered":"https:\/\/mincool.org\/?page_id=75"},"modified":"2025-07-30T09:16:31","modified_gmt":"2025-07-30T09:16:31","slug":"sady-mineralu","status":"publish","type":"page","link":"https:\/\/mincool.org\/pl\/sady-mineralu\/","title":{"rendered":"Sady miner\u00e1l\u016f"},"content":{"rendered":"<p><\/p>\n\n\n\n<div class=\"wp-block-group alignfull has-background-background-color has-background has-global-padding is-layout-constrained wp-container-core-group-is-layout-28549256 wp-block-group-is-layout-constrained\" style=\"margin-top:0;margin-bottom:0;padding-top:var(--wp--preset--spacing--60);padding-right:var(--wp--preset--spacing--30);padding-bottom:var(--wp--preset--spacing--60);padding-left:var(--wp--preset--spacing--30)\">\n<div class=\"wp-block-group alignwide is-vertical is-layout-flex wp-container-core-group-is-layout-fe9cc265 wp-block-group-is-layout-flex\">\n<div class=\"wp-block-group has-global-padding is-layout-constrained wp-block-group-is-layout-constrained\">\n<h2 class=\"wp-block-heading has-large-font-size\">Blog<\/h2>\n\n\n\n<p style=\"margin-top:16px\">Tato sekce poskytuje p\u0159ehled blogu, p\u0159edstavuje r\u016fzn\u00e9 \u010dl\u00e1nky, poznatky a zdroje, kter\u00e9 informuj\u00ed a inspiruj\u00ed \u010dten\u00e1\u0159e.<\/p>\n<\/div>\n<\/div>\n\n\n\n<div data-wp-context=\"{}\" data-wp-interactive=\"core\/query\" data-wp-key=\"10\" data-wp-router-region=\"query-10\" class=\"wp-block-query alignwide is-layout-flow wp-block-query-is-layout-flow\"><ul class=\"columns-3 wp-block-post-template is-layout-grid wp-container-core-post-template-is-layout-6d3fbd8f wp-block-post-template-is-layout-grid\"><li data-wp-key=\"post-template-item-271\" class=\"wp-block-post post-271 post type-post status-publish format-standard has-post-thumbnail hentry category-category-2\">\n\n<div class=\"wp-block-group has-tertiary-background-color has-background has-global-padding is-layout-constrained wp-container-core-group-is-layout-182a0f6b wp-block-group-is-layout-constrained\" style=\"padding-top:0;padding-right:0;padding-bottom:0;padding-left:0\"><figure style=\"aspect-ratio:4\/3;\" class=\"wp-block-post-featured-image\"><a href=\"https:\/\/mincool.org\/pl\/collection6\/\" target=\"_self\"  ><img loading=\"lazy\" decoding=\"async\" width=\"2253\" height=\"1689\" src=\"https:\/\/mincool.org\/wp-content\/uploads\/2025\/08\/Afrika_sbirka-tromlovanych-kamenu_detail.jpg\" class=\"attachment-post-thumbnail size-post-thumbnail wp-post-image\" alt=\"Afryka - kolekcja t\u0142uczonych kamieni\" style=\"width:100%;height:100%;object-fit:cover;\" srcset=\"https:\/\/mincool.org\/wp-content\/uploads\/2025\/08\/Afrika_sbirka-tromlovanych-kamenu_detail.jpg 2253w, https:\/\/mincool.org\/wp-content\/uploads\/2025\/08\/Afrika_sbirka-tromlovanych-kamenu_detail-300x225.jpg 300w, https:\/\/mincool.org\/wp-content\/uploads\/2025\/08\/Afrika_sbirka-tromlovanych-kamenu_detail-1024x768.jpg 1024w, https:\/\/mincool.org\/wp-content\/uploads\/2025\/08\/Afrika_sbirka-tromlovanych-kamenu_detail-768x576.jpg 768w, https:\/\/mincool.org\/wp-content\/uploads\/2025\/08\/Afrika_sbirka-tromlovanych-kamenu_detail-1536x1151.jpg 1536w, https:\/\/mincool.org\/wp-content\/uploads\/2025\/08\/Afrika_sbirka-tromlovanych-kamenu_detail-2048x1535.jpg 2048w, https:\/\/mincool.org\/wp-content\/uploads\/2025\/08\/Afrika_sbirka-tromlovanych-kamenu_detail-16x12.jpg 16w\" sizes=\"auto, (max-width: 2253px) 100vw, 2253px\" \/><\/a><\/figure>\n\n\n<div class=\"wp-block-group has-global-padding is-layout-constrained wp-container-core-group-is-layout-0e4ecca0 wp-block-group-is-layout-constrained\" style=\"padding-top:1.5rem;padding-right:1.5rem;padding-bottom:1.5rem;padding-left:1.5rem\"><h2 style=\"font-size:clamp(0.984rem, 0.984rem + ((1vw - 0.2rem) * 0.86), 1.5rem); margin-top:6px;margin-bottom:12px;\" class=\"wp-block-post-title\"><a href=\"https:\/\/mincool.org\/pl\/collection6\/\" target=\"_self\" >Afryka - kolekcja kamieni polerowanych<\/a><\/h2>\n\n<div style=\"margin-top:0;margin-bottom:0;\" class=\"wp-block-post-excerpt has-small-font-size\"><p class=\"wp-block-post-excerpt__excerpt\">Vydej se s n\u00e1mi objevovat africk\u00fd kontinent, kde najde\u0161 jedny z nejstar\u0161\u00edch a geologicky&hellip; <\/p><\/div><\/div>\n<\/div>\n\n<\/li><li data-wp-key=\"post-template-item-401\" class=\"wp-block-post post-401 post type-post status-publish format-standard has-post-thumbnail hentry category-category-2\">\n\n<div class=\"wp-block-group has-tertiary-background-color has-background has-global-padding is-layout-constrained wp-container-core-group-is-layout-182a0f6b wp-block-group-is-layout-constrained\" style=\"padding-top:0;padding-right:0;padding-bottom:0;padding-left:0\"><figure style=\"aspect-ratio:4\/3;\" class=\"wp-block-post-featured-image\"><a href=\"https:\/\/mincool.org\/pl\/collection8\/\" target=\"_self\"  ><img loading=\"lazy\" decoding=\"async\" width=\"2363\" height=\"1772\" src=\"https:\/\/mincool.org\/wp-content\/uploads\/2025\/08\/Amerika_sbirka-tromlovanych_kamenu_detail.jpg\" class=\"attachment-post-thumbnail size-post-thumbnail wp-post-image\" alt=\"Ameryka - kolekcja t\u0142uczonych kamieni\" style=\"width:100%;height:100%;object-fit:cover;\" srcset=\"https:\/\/mincool.org\/wp-content\/uploads\/2025\/08\/Amerika_sbirka-tromlovanych_kamenu_detail.jpg 2363w, https:\/\/mincool.org\/wp-content\/uploads\/2025\/08\/Amerika_sbirka-tromlovanych_kamenu_detail-300x225.jpg 300w, https:\/\/mincool.org\/wp-content\/uploads\/2025\/08\/Amerika_sbirka-tromlovanych_kamenu_detail-1024x768.jpg 1024w, https:\/\/mincool.org\/wp-content\/uploads\/2025\/08\/Amerika_sbirka-tromlovanych_kamenu_detail-768x576.jpg 768w, https:\/\/mincool.org\/wp-content\/uploads\/2025\/08\/Amerika_sbirka-tromlovanych_kamenu_detail-1536x1152.jpg 1536w, https:\/\/mincool.org\/wp-content\/uploads\/2025\/08\/Amerika_sbirka-tromlovanych_kamenu_detail-2048x1536.jpg 2048w, https:\/\/mincool.org\/wp-content\/uploads\/2025\/08\/Amerika_sbirka-tromlovanych_kamenu_detail-16x12.jpg 16w\" sizes=\"auto, (max-width: 2363px) 100vw, 2363px\" \/><\/a><\/figure>\n\n\n<div class=\"wp-block-group has-global-padding is-layout-constrained wp-container-core-group-is-layout-0e4ecca0 wp-block-group-is-layout-constrained\" style=\"padding-top:1.5rem;padding-right:1.5rem;padding-bottom:1.5rem;padding-left:1.5rem\"><h2 style=\"font-size:clamp(0.984rem, 0.984rem + ((1vw - 0.2rem) * 0.86), 1.5rem); margin-top:6px;margin-bottom:12px;\" class=\"wp-block-post-title\"><a href=\"https:\/\/mincool.org\/pl\/collection8\/\" target=\"_self\" >Ameryka - kolekcja kamieni polerowanych<\/a><\/h2>\n\n<div style=\"margin-top:0;margin-bottom:0;\" class=\"wp-block-post-excerpt has-small-font-size\"><p class=\"wp-block-post-excerpt__excerpt\">Poj\u010f s n\u00e1mi nahl\u00e9dnout do \u00fa\u017easn\u00e9ho nerostn\u00e9ho bohatstv\u00ed, kter\u00e9 ukr\u00fdv\u00e1 rozs\u00e1hl\u00fd americk\u00fd kontinent. Na\u0161e&hellip; <\/p><\/div><\/div>\n<\/div>\n\n<\/li><li data-wp-key=\"post-template-item-557\" class=\"wp-block-post post-557 post type-post status-publish format-standard has-post-thumbnail hentry category-category-2\">\n\n<div class=\"wp-block-group has-tertiary-background-color has-background has-global-padding is-layout-constrained wp-container-core-group-is-layout-182a0f6b wp-block-group-is-layout-constrained\" style=\"padding-top:0;padding-right:0;padding-bottom:0;padding-left:0\"><figure style=\"aspect-ratio:4\/3;\" class=\"wp-block-post-featured-image\"><a href=\"https:\/\/mincool.org\/pl\/collection7\/\" target=\"_self\"  ><img loading=\"lazy\" decoding=\"async\" width=\"2257\" height=\"1693\" src=\"https:\/\/mincool.org\/wp-content\/uploads\/2025\/11\/Sbirky_mineralu_Asie_detail.jpg\" class=\"attachment-post-thumbnail size-post-thumbnail wp-post-image\" alt=\"Asie &#8211; sb\u00edrka tromlovan\u00fdch kamen\u016f\" style=\"width:100%;height:100%;object-fit:cover;\" srcset=\"https:\/\/mincool.org\/wp-content\/uploads\/2025\/11\/Sbirky_mineralu_Asie_detail.jpg 2257w, https:\/\/mincool.org\/wp-content\/uploads\/2025\/11\/Sbirky_mineralu_Asie_detail-300x225.jpg 300w, https:\/\/mincool.org\/wp-content\/uploads\/2025\/11\/Sbirky_mineralu_Asie_detail-1024x768.jpg 1024w, https:\/\/mincool.org\/wp-content\/uploads\/2025\/11\/Sbirky_mineralu_Asie_detail-768x576.jpg 768w, https:\/\/mincool.org\/wp-content\/uploads\/2025\/11\/Sbirky_mineralu_Asie_detail-1536x1152.jpg 1536w, https:\/\/mincool.org\/wp-content\/uploads\/2025\/11\/Sbirky_mineralu_Asie_detail-2048x1536.jpg 2048w, https:\/\/mincool.org\/wp-content\/uploads\/2025\/11\/Sbirky_mineralu_Asie_detail-16x12.jpg 16w\" sizes=\"auto, (max-width: 2257px) 100vw, 2257px\" \/><\/a><\/figure>\n\n\n<div class=\"wp-block-group has-global-padding is-layout-constrained wp-container-core-group-is-layout-0e4ecca0 wp-block-group-is-layout-constrained\" style=\"padding-top:1.5rem;padding-right:1.5rem;padding-bottom:1.5rem;padding-left:1.5rem\"><h2 style=\"font-size:clamp(0.984rem, 0.984rem + ((1vw - 0.2rem) * 0.86), 1.5rem); margin-top:6px;margin-bottom:12px;\" class=\"wp-block-post-title\"><a href=\"https:\/\/mincool.org\/pl\/collection7\/\" target=\"_self\" >Azja - kolekcja kamieni polerowanych<\/a><\/h2>\n\n<div style=\"margin-top:0;margin-bottom:0;\" class=\"wp-block-post-excerpt has-small-font-size\"><p class=\"wp-block-post-excerpt__excerpt\">Tato kolekce t\u011b zve na nezapomenutelnou cestu za nerostn\u00fdmi poklady nejv\u011bt\u0161\u00edho kontinentu sv\u011bta! Najde\u0161&hellip; <\/p><\/div><\/div>\n<\/div>\n\n<\/li><\/ul>\n\n<\/div>\n\n\n\n<div class=\"wp-block-buttons is-content-justification-center is-layout-flex wp-container-core-buttons-is-layout-d8c0be80 wp-block-buttons-is-layout-flex\" style=\"margin-top:var(--wp--preset--spacing--40)\">\n<div class=\"wp-block-button\"><a class=\"wp-block-button__link wp-element-button\" href=\"#extendify-blog\">Zobrazit v\u0161e<\/a><\/div>\n<\/div>\n<\/div>","protected":false},"excerpt":{"rendered":"<p>Blog Tato sekce poskytuje p\u0159ehled blogu, p\u0159edstavuje r\u016fzn\u00e9 \u010dl\u00e1nky, poznatky a zdroje, kter\u00e9 informuj\u00ed a inspiruj\u00ed \u010dten\u00e1\u0159e.<\/p>","protected":false},"author":1,"featured_media":0,"parent":0,"menu_order":0,"comment_status":"closed","ping_status":"closed","template":"","meta":{"footnotes":""},"class_list":["post-75","page","type-page","status-publish","hentry"],"aioseo_notices":[],"_links":{"self":[{"href":"https:\/\/mincool.org\/pl\/wp-json\/wp\/v2\/pages\/75","targetHints":{"allow":["GET"]}}],"collection":[{"href":"https:\/\/mincool.org\/pl\/wp-json\/wp\/v2\/pages"}],"about":[{"href":"https:\/\/mincool.org\/pl\/wp-json\/wp\/v2\/types\/page"}],"author":[{"embeddable":true,"href":"https:\/\/mincool.org\/pl\/wp-json\/wp\/v2\/users\/1"}],"replies":[{"embeddable":true,"href":"https:\/\/mincool.org\/pl\/wp-json\/wp\/v2\/comments?post=75"}],"version-history":[{"count":2,"href":"https:\/\/mincool.org\/pl\/wp-json\/wp\/v2\/pages\/75\/revisions"}],"predecessor-version":[{"id":99,"href":"https:\/\/mincool.org\/pl\/wp-json\/wp\/v2\/pages\/75\/revisions\/99"}],"wp:attachment":[{"href":"https:\/\/mincool.org\/pl\/wp-json\/wp\/v2\/media?parent=75"}],"curies":[{"name":"wp","href":"https:\/\/api.w.org\/{rel}","templated":true}]}}