{"id":513,"date":"2025-09-10T13:16:18","date_gmt":"2025-09-10T13:16:18","guid":{"rendered":"https:\/\/mincool.org\/zasady-cookies-eu\/"},"modified":"2025-09-10T13:16:18","modified_gmt":"2025-09-10T13:16:18","slug":"eus-cookiepolicy","status":"publish","type":"page","link":"https:\/\/mincool.org\/sv\/eus-cookiepolicy\/","title":{"rendered":"Policy f\u00f6r cookies (EU)"},"content":{"rendered":"<!-- Legal document generated by Complianz | GDPR\/CCPA Cookie Consent https:\/\/wordpress.org\/plugins\/complianz-gdpr -->\n<div id=\"cmplz-document\" class=\"cmplz-document cookie-statement cmplz-document-eu\"><p><i>Den dagliga cookiepolicyn kommer att upph\u00f6ra att g\u00e4lla den 06\/08\/2025 och \u00e4r avsedd f\u00f6r medicinska och juridiska permanenta inv\u00e5nare i Europeiska ekonomiska samarbetsomr\u00e5det och Schweiz.<\/i><br><\/p><h2>1. Inledning<\/h2><p>V\u00e5r webbplats, <a href=\"https:\/\/mincool.org\/sv\">https:\/\/mincool.org\/sv<\/a> (h\u00e4danefter: \u201dwebbplatsen\u201d) anv\u00e4nder cookies och andra relaterade teknologier (f\u00f6r bekv\u00e4mlighets skull kallas all teknik f\u00f6r \u201dcookies\u201d). Cookies placeras \u00e4ven av tredje delen som vi har anlitat. I dokumentet nedan informerar vi dig om anv\u00e4ndningen av cookies p\u00e5 v\u00e5r webbplats.<\/p><h2>2. Vad \u00e4r cookies till f\u00f6r?<\/h2><p>En cookie \u00e4r en liten enkel fil som skickas tillsammans med sidor p\u00e5 denna webbplats och lagras av din webbl\u00e4sare p\u00e5 din dators eller annan enhets h\u00e5rddisk. Information som lagras d\u00e4ri kan returneras till v\u00e5ra servrar eller till relevanta tredje parters servrar under ett efterf\u00f6ljande bes\u00f6k.<\/p><h2>3. Vad \u00e4r script?<\/h2><p>Ett script \u00e4r en bit programkod som anv\u00e4nds f\u00f6r att f\u00e5 v\u00e5r webbplats att fungera korrekt och interaktivt. Denna kod k\u00f6rs p\u00e5 v\u00e5r server eller p\u00e5 din enhet.<\/p><h2>4. Vad \u00e4r en webbfyr?<\/h2><p>En webbfyr (eller en pixeltagg) \u00e4r en liten, osynlig bit text eller bild p\u00e5 en webbplats som anv\u00e4nds f\u00f6r att \u00f6vervaka trafiken p\u00e5 en webbplats. F\u00f6r att g\u00f6ra detta lagras olika data om dig med hj\u00e4lp av webbfyrar.<\/p><h2>5. Kakor<\/h2><p class=\"cmplz-subtitle\">5.1 Textuella eller funktionella cookies<\/p><p>Vissa cookies s\u00e4kerst\u00e4ller att vissa delar av webbplatsen fungerar korrekt och att dina anv\u00e4ndarpreferenser f\u00f6rblir k\u00e4nda. Genom att placera funktionella cookies g\u00f6r vi det enklare f\u00f6r dig att bes\u00f6ka och navigera p\u00e5 v\u00e5r webbplats. P\u00e5 s\u00e5 s\u00e4tt beh\u00f6ver du inte upprepade g\u00e5nger ange samma information n\u00e4r du bes\u00f6ker v\u00e5r hemsida och till exempel ligger varorna kvar i din varukorg tills du har betalat. Du kan anv\u00e4nda detta f\u00f6r att placera r\u00e4tt cookies p\u00e5 r\u00e4tt plats.<\/p><p class=\"cmplz-subtitle\">5.2 Cookies f\u00f6r statistik<\/p><p>Vi anv\u00e4nder cookies f\u00f6r statistik f\u00f6r att optimera webbplatsupplevelsen f\u00f6r v\u00e5ra anv\u00e4ndare. Med dessa cookies f\u00e5r vi insikter i anv\u00e4ndningen av v\u00e5r webbplats. Vi ber dig om till\u00e5telse att placera cookies f\u00f6r statistik.<\/p><h2>6. Placerade kakor<\/h2><div id=\"cmplz-cookies-overview\"><details class=\"cmplz-dropdown cmplz-service-desc cmplz-dropdown-cookiepolicy\">\n\t<summary class=\"cmplz-service-header\"><div>\n\t\t<h3>WordPress<\/h3>\n\t\t<p>Syfte under utredning<\/p>\n\t\t<label for=\"cmplz_service_wordpress\" class=\"cmplz_consent_per_service_label\"><span class=\"screen-reader-text\">Samtycke till tj\u00e4nst wordpress<\/span><\/label>\n\t\t<input type=\"checkbox\" id=\"cmplz_service_wordpress\" class=\"cmplz-accept-service cmplz-hidden\" data-service=\"wordpress\" data-category=\"functional\"><\/div>\n\t<\/summary>\n\t<div class=\"cmplz-service-description\">\n\t\t<h4>Anv\u00e4ndning<\/h4>\n\t\t<p><\/p>\n\t<\/div>\n\t<div class=\"cmplz-sharing-data\">\n\t\t<h4>Delar data<\/h4>\n\t\t<p>Dessa uppgifter delas inte med tredje part.<\/p>\n\t<\/div>\n\t<div class=\"cookies-per-purpose\">\n    <div class=\"purpose\"><h4>Syfte under utredning<\/h4><\/div>\n    <div class=\"name-header\">\n\t<h5>Namn<\/h5>\n<\/div>\n<div class=\"name\"><a target=\"_blank\" rel=\"noopener noreferrer nofollow\" href=\"https:\/\/cookiedatabase.org\/cookie\/unknown-service\/wp_preferences_user_\/\">WP_PREFERENSER_ANV\u00c4NDARE_*<\/a><\/div>\n<div class=\"retention-header\">\n\t<h5>L\u00f6per ut<\/h5>\n<\/div>\n<div class=\"retention\"><\/div>\n<div class=\"function-header\">\n\t<h5>Funktion<\/h5>\n<\/div>\n<div class=\"function\"><\/div>\n<div class=\"name-header\">\n\t<h5>Namn<\/h5>\n<\/div>\n<div class=\"name\"><a target=\"_blank\" rel=\"noopener noreferrer nofollow\" href=\"https:\/\/cookiedatabase.org\/cookie\/unknown-service\/wp-settings-time\/\">wp-inst\u00e4llningar-tid-*<\/a><\/div>\n<div class=\"retention-header\">\n\t<h5>L\u00f6per ut<\/h5>\n<\/div>\n<div class=\"retention\"><\/div>\n<div class=\"function-header\">\n\t<h5>Funktion<\/h5>\n<\/div>\n<div class=\"function\"><\/div>\n<div class=\"name-header\">\n\t<h5>Namn<\/h5>\n<\/div>\n<div class=\"name\"><a target=\"_blank\" rel=\"noopener noreferrer nofollow\" href=\"https:\/\/cookiedatabase.org\/cookie\/unknown-service\/wp-settings\/\">wp-inst\u00e4llningar-*<\/a><\/div>\n<div class=\"retention-header\">\n\t<h5>L\u00f6per ut<\/h5>\n<\/div>\n<div class=\"retention\"><\/div>\n<div class=\"function-header\">\n\t<h5>Funktion<\/h5>\n<\/div>\n<div class=\"function\"><\/div>\n<div class=\"name-header\">\n\t<h5>Namn<\/h5>\n<\/div>\n<div class=\"name\"><a target=\"_blank\" rel=\"noopener noreferrer nofollow\" href=\"https:\/\/cookiedatabase.org\/cookie\/unknown-service\/wordpress_test_cookie\/\">wordpress_test_cookie<\/a><\/div>\n<div class=\"retention-header\">\n\t<h5>L\u00f6per ut<\/h5>\n<\/div>\n<div class=\"retention\"><\/div>\n<div class=\"function-header\">\n\t<h5>Funktion<\/h5>\n<\/div>\n<div class=\"function\"><\/div>\n<div class=\"name-header\">\n\t<h5>Namn<\/h5>\n<\/div>\n<div class=\"name\"><a target=\"_blank\" rel=\"noopener noreferrer nofollow\" href=\"https:\/\/cookiedatabase.org\/cookie\/unknown-service\/wordpress_logged_in_\/\">wordpress_loggad_in_*<\/a><\/div>\n<div class=\"retention-header\">\n\t<h5>L\u00f6per ut<\/h5>\n<\/div>\n<div class=\"retention\"><\/div>\n<div class=\"function-header\">\n\t<h5>Funktion<\/h5>\n<\/div>\n<div class=\"function\"><\/div>\n<div class=\"name-header\">\n\t<h5>Namn<\/h5>\n<\/div>\n<div class=\"name\"><a target=\"_blank\" rel=\"noopener noreferrer nofollow\" href=\"https:\/\/cookiedatabase.org\/cookie\/unknown-service\/wpemojisettingssupports\/\">wpEmojiInst\u00e4llningarSt\u00f6d<\/a><\/div>\n<div class=\"retention-header\">\n\t<h5>L\u00f6per ut<\/h5>\n<\/div>\n<div class=\"retention\"><\/div>\n<div class=\"function-header\">\n\t<h5>Funktion<\/h5>\n<\/div>\n<div class=\"function\"><\/div>\n\n<\/div>\n<\/details>\n<details class=\"cmplz-dropdown cmplz-service-desc cmplz-dropdown-cookiepolicy\">\n\t<summary class=\"cmplz-service-header\"><div>\n\t\t<h3>\u00d6vrigt<\/h3>\n\t\t<p>Syfte under utredning<\/p>\n\t\t<label for=\"cmplz_service_\u00d6vrigt\" class=\"cmplz_consent_per_service_label\"><span class=\"screen-reader-text\">Consent to service \u00d6vrigt<\/span><\/label>\n\t\t<input type=\"checkbox\" id=\"cmplz_service_\u00d6vrigt\" class=\"cmplz-accept-service cmplz-hidden\" data-service=\"\u00d6vrigt\" data-category=\"functional\"><\/div>\n\t<\/summary>\n\t<div class=\"cmplz-service-description\">\n\t\t<h4>Anv\u00e4ndning<\/h4>\n\t\t<p><\/p>\n\t<\/div>\n\t<div class=\"cmplz-sharing-data\">\n\t\t<h4>Delar data<\/h4>\n\t\t<p>Delning av data v\u00e4ntar p\u00e5 utredning<\/p>\n\t<\/div>\n\t<div class=\"cookies-per-purpose\">\n    <div class=\"purpose\"><h4>Syfte under utredning<\/h4><\/div>\n    <div class=\"name-header\">\n\t<h5>Namn<\/h5>\n<\/div>\n<div class=\"name\">extendify-pages-e7d0fbef-7687-47d0-9229-dc50200e3e3b<\/div>\n<div class=\"retention-header\">\n\t<h5>L\u00f6per ut<\/h5>\n<\/div>\n<div class=\"retention\"><\/div>\n<div class=\"function-header\">\n\t<h5>Funktion<\/h5>\n<\/div>\n<div class=\"function\"><\/div>\n<div class=\"name-header\">\n\t<h5>Namn<\/h5>\n<\/div>\n<div class=\"name\">extendify-chat-history-e7d0fbef-7687-47d0-9229-dc50200e3e3b<\/div>\n<div class=\"retention-header\">\n\t<h5>L\u00f6per ut<\/h5>\n<\/div>\n<div class=\"retention\"><\/div>\n<div class=\"function-header\">\n\t<h5>Funktion<\/h5>\n<\/div>\n<div class=\"function\"><\/div>\n<div class=\"name-header\">\n\t<h5>Namn<\/h5>\n<\/div>\n<div class=\"name\">extendify-launch-pages-selection-e7d0fbef-7687-47d0-9229-dc50200e3e3b<\/div>\n<div class=\"retention-header\">\n\t<h5>L\u00f6per ut<\/h5>\n<\/div>\n<div class=\"retention\"><\/div>\n<div class=\"function-header\">\n\t<h5>Funktion<\/h5>\n<\/div>\n<div class=\"function\"><\/div>\n<div class=\"name-header\">\n\t<h5>Namn<\/h5>\n<\/div>\n<div class=\"name\">extendify-help-center-globals-sync-e7d0fbef-7687-47d0-9229-dc50200e3e3b<\/div>\n<div class=\"retention-header\">\n\t<h5>L\u00f6per ut<\/h5>\n<\/div>\n<div class=\"retention\"><\/div>\n<div class=\"function-header\">\n\t<h5>Funktion<\/h5>\n<\/div>\n<div class=\"function\"><\/div>\n<div class=\"name-header\">\n\t<h5>Namn<\/h5>\n<\/div>\n<div class=\"name\">extendify-unsplash-images-e7d0fbef-7687-47d0-9229-dc50200e3e3b<\/div>\n<div class=\"retention-header\">\n\t<h5>L\u00f6per ut<\/h5>\n<\/div>\n<div class=\"retention\"><\/div>\n<div class=\"function-header\">\n\t<h5>Funktion<\/h5>\n<\/div>\n<div class=\"function\"><\/div>\n<div class=\"name-header\">\n\t<h5>Namn<\/h5>\n<\/div>\n<div class=\"name\">storeApiCartData<\/div>\n<div class=\"retention-header\">\n\t<h5>L\u00f6per ut<\/h5>\n<\/div>\n<div class=\"retention\"><\/div>\n<div class=\"function-header\">\n\t<h5>Funktion<\/h5>\n<\/div>\n<div class=\"function\"><\/div>\n<div class=\"name-header\">\n\t<h5>Namn<\/h5>\n<\/div>\n<div class=\"name\">extendify-library-cache-e7d0fbef-7687-47d0-9229-dc50200e3e3b<\/div>\n<div class=\"retention-header\">\n\t<h5>L\u00f6per ut<\/h5>\n<\/div>\n<div class=\"retention\"><\/div>\n<div class=\"function-header\">\n\t<h5>Funktion<\/h5>\n<\/div>\n<div class=\"function\"><\/div>\n<div class=\"name-header\">\n\t<h5>Namn<\/h5>\n<\/div>\n<div class=\"name\">extendify-help-center-knowledge-base-e7d0fbef-7687-47d0-9229-dc50200e3e3b<\/div>\n<div class=\"retention-header\">\n\t<h5>L\u00f6per ut<\/h5>\n<\/div>\n<div class=\"retention\"><\/div>\n<div class=\"function-header\">\n\t<h5>Funktion<\/h5>\n<\/div>\n<div class=\"function\"><\/div>\n<div class=\"name-header\">\n\t<h5>Namn<\/h5>\n<\/div>\n<div class=\"name\">extendify-help-center-router-e7d0fbef-7687-47d0-9229-dc50200e3e3b<\/div>\n<div class=\"retention-header\">\n\t<h5>L\u00f6per ut<\/h5>\n<\/div>\n<div class=\"retention\"><\/div>\n<div class=\"function-header\">\n\t<h5>Funktion<\/h5>\n<\/div>\n<div class=\"function\"><\/div>\n<div class=\"name-header\">\n\t<h5>Namn<\/h5>\n<\/div>\n<div class=\"name\">adobeCleanFontAdded<\/div>\n<div class=\"retention-header\">\n\t<h5>L\u00f6per ut<\/h5>\n<\/div>\n<div class=\"retention\"><\/div>\n<div class=\"function-header\">\n\t<h5>Funktion<\/h5>\n<\/div>\n<div class=\"function\"><\/div>\n<div class=\"name-header\">\n\t<h5>Namn<\/h5>\n<\/div>\n<div class=\"name\">cmplz_medgivna_tj\u00e4nster<\/div>\n<div class=\"retention-header\">\n\t<h5>L\u00f6per ut<\/h5>\n<\/div>\n<div class=\"retention\">365 dagar<\/div>\n<div class=\"function-header\">\n\t<h5>Funktion<\/h5>\n<\/div>\n<div class=\"function\"><\/div>\n<div class=\"name-header\">\n\t<h5>Namn<\/h5>\n<\/div>\n<div class=\"name\">cmplz_funktionell<\/div>\n<div class=\"retention-header\">\n\t<h5>L\u00f6per ut<\/h5>\n<\/div>\n<div class=\"retention\">365 dagar<\/div>\n<div class=\"function-header\">\n\t<h5>Funktion<\/h5>\n<\/div>\n<div class=\"function\"><\/div>\n<div class=\"name-header\">\n\t<h5>Namn<\/h5>\n<\/div>\n<div class=\"name\">cmplz_policy_id<\/div>\n<div class=\"retention-header\">\n\t<h5>L\u00f6per ut<\/h5>\n<\/div>\n<div class=\"retention\">365 dagar<\/div>\n<div class=\"function-header\">\n\t<h5>Funktion<\/h5>\n<\/div>\n<div class=\"function\"><\/div>\n<div class=\"name-header\">\n\t<h5>Namn<\/h5>\n<\/div>\n<div class=\"name\">cmplz_marknadsf\u00f6ring<\/div>\n<div class=\"retention-header\">\n\t<h5>L\u00f6per ut<\/h5>\n<\/div>\n<div class=\"retention\">365 dagar<\/div>\n<div class=\"function-header\">\n\t<h5>Funktion<\/h5>\n<\/div>\n<div class=\"function\"><\/div>\n<div class=\"name-header\">\n\t<h5>Namn<\/h5>\n<\/div>\n<div class=\"name\">cmplz_statistik<\/div>\n<div class=\"retention-header\">\n\t<h5>L\u00f6per ut<\/h5>\n<\/div>\n<div class=\"retention\">365 dagar<\/div>\n<div class=\"function-header\">\n\t<h5>Funktion<\/h5>\n<\/div>\n<div class=\"function\"><\/div>\n<div class=\"name-header\">\n\t<h5>Namn<\/h5>\n<\/div>\n<div class=\"name\">cmplz_inst\u00e4llningar<\/div>\n<div class=\"retention-header\">\n\t<h5>L\u00f6per ut<\/h5>\n<\/div>\n<div class=\"retention\">365 dagar<\/div>\n<div class=\"function-header\">\n\t<h5>Funktion<\/h5>\n<\/div>\n<div class=\"function\"><\/div>\n<div class=\"name-header\">\n\t<h5>Namn<\/h5>\n<\/div>\n<div class=\"name\">cmplz_banner-status<\/div>\n<div class=\"retention-header\">\n\t<h5>L\u00f6per ut<\/h5>\n<\/div>\n<div class=\"retention\">365 dagar<\/div>\n<div class=\"function-header\">\n\t<h5>Funktion<\/h5>\n<\/div>\n<div class=\"function\"><\/div>\n<div class=\"name-header\">\n\t<h5>Namn<\/h5>\n<\/div>\n<div class=\"name\">_ga<\/div>\n<div class=\"retention-header\">\n\t<h5>L\u00f6per ut<\/h5>\n<\/div>\n<div class=\"retention\"><\/div>\n<div class=\"function-header\">\n\t<h5>Funktion<\/h5>\n<\/div>\n<div class=\"function\"><\/div>\n<div class=\"name-header\">\n\t<h5>Namn<\/h5>\n<\/div>\n<div class=\"name\">trp_language<\/div>\n<div class=\"retention-header\">\n\t<h5>L\u00f6per ut<\/h5>\n<\/div>\n<div class=\"retention\"><\/div>\n<div class=\"function-header\">\n\t<h5>Funktion<\/h5>\n<\/div>\n<div class=\"function\"><\/div>\n<div class=\"name-header\">\n\t<h5>Namn<\/h5>\n<\/div>\n<div class=\"name\">_ga_D1W1Q2NFTM<\/div>\n<div class=\"retention-header\">\n\t<h5>L\u00f6per ut<\/h5>\n<\/div>\n<div class=\"retention\"><\/div>\n<div class=\"function-header\">\n\t<h5>Funktion<\/h5>\n<\/div>\n<div class=\"function\"><\/div>\n<div class=\"name-header\">\n\t<h5>Namn<\/h5>\n<\/div>\n<div class=\"name\">googlesitekit_1.160.1_e8c41313320659d0d814667f703e7da6_modules::analytics-4::report::86c9aa9fe3fea94<\/div>\n<div class=\"retention-header\">\n\t<h5>L\u00f6per ut<\/h5>\n<\/div>\n<div class=\"retention\"><\/div>\n<div class=\"function-header\">\n\t<h5>Funktion<\/h5>\n<\/div>\n<div class=\"function\"><\/div>\n<div class=\"name-header\">\n\t<h5>Namn<\/h5>\n<\/div>\n<div class=\"name\">googlesitekit_1.160.1_e8c41313320659d0d814667f703e7da6_modules::search-console::searchanalytics::13b<\/div>\n<div class=\"retention-header\">\n\t<h5>L\u00f6per ut<\/h5>\n<\/div>\n<div class=\"retention\"><\/div>\n<div class=\"function-header\">\n\t<h5>Funktion<\/h5>\n<\/div>\n<div class=\"function\"><\/div>\n<div class=\"name-header\">\n\t<h5>Namn<\/h5>\n<\/div>\n<div class=\"name\">googlesitekit_1.160.1_e8c41313320659d0d814667f703e7da6_modules::search-console::searchanalytics::e87<\/div>\n<div class=\"retention-header\">\n\t<h5>L\u00f6per ut<\/h5>\n<\/div>\n<div class=\"retention\"><\/div>\n<div class=\"function-header\">\n\t<h5>Funktion<\/h5>\n<\/div>\n<div class=\"function\"><\/div>\n<div class=\"name-header\">\n\t<h5>Namn<\/h5>\n<\/div>\n<div class=\"name\">googlesitekit_1.160.1_e8c41313320659d0d814667f703e7da6_modules::analytics-4::report::20af609afdab436<\/div>\n<div class=\"retention-header\">\n\t<h5>L\u00f6per ut<\/h5>\n<\/div>\n<div class=\"retention\"><\/div>\n<div class=\"function-header\">\n\t<h5>Funktion<\/h5>\n<\/div>\n<div class=\"function\"><\/div>\n<div class=\"name-header\">\n\t<h5>Namn<\/h5>\n<\/div>\n<div class=\"name\">extendify-agent-global-e7d0fbef-7687-47d0-9229-dc50200e3e3b<\/div>\n<div class=\"retention-header\">\n\t<h5>L\u00f6per ut<\/h5>\n<\/div>\n<div class=\"retention\"><\/div>\n<div class=\"function-header\">\n\t<h5>Funktion<\/h5>\n<\/div>\n<div class=\"function\"><\/div>\n\n<\/div>\n<\/details>\n<\/div><h2>7. Samtycke<\/h2><p>N\u00e4r du bes\u00f6ker v\u00e5r webbplats f\u00f6r f\u00f6rsta g\u00e5ngen kommer vi att visa dig ett popup-f\u00f6nster med en f\u00f6rklaring om cookies. S\u00e5 fort du klickar p\u00e5 \u201eSpara inst\u00e4llningar\u201c samtycker du till att vi anv\u00e4nder de kategorier av cookies och till\u00e4gg som du valde i popup-f\u00f6nstret, som beskrivs i denna cookiepolicy. Du kan inaktivera anv\u00e4ndningen av cookies via din webbl\u00e4sare, men observera att v\u00e5r webbplats kanske inte l\u00e4ngre fungerar korrekt.<\/p><p class=\"cmplz-subtitle\">7.1 Hunter inst\u00e4llningar f\u00f6r ditt samtycke<\/p><div id=\"cmplz-manage-consent-container-nojavascript\">Du har laddat cookiepolicyn utan javascript-st\u00f6d.&nbsp;P\u00e5 AMP kan du anv\u00e4nda knappen Hantera samtycke l\u00e4ngst ner p\u00e5 sidan.<\/div><div id=\"cmplz-manage-consent-container\" name=\"cmplz-manage-consent-container\" class=\"cmplz-manage-consent-container\"><\/div><h2>8. Aktivera\/inaktivera och ta bort cookies<\/h2><p>Du kan anv\u00e4nda din webbl\u00e4sare f\u00f6r att automatiskt eller manuellt radera cookies. Du kan ocks\u00e5 ange att vissa cookies inte f\u00e5r placeras. Ett annat alternativ \u00e4r att \u00e4ndra inst\u00e4llningarna f\u00f6r din webbl\u00e4sare s\u00e5 att du f\u00e5r ett meddelande varje g\u00e5ng en cookie placeras. F\u00f6r mer information om dessa alternativ, se instruktionerna i hj\u00e4lpavsnittet i din webbl\u00e4sare.<\/p><p>Observer att v\u00e5r webbplats kanske inte fungerar korrekt om alla cookies \u00e4r inaktiverade. Om du raderar cookies i din webbl\u00e4sare kommer de att placera igen efter ditt samtycke n\u00e4r du bes\u00f6ker v\u00e5r webbplats igen.<\/p><h2>9. Dina r\u00e4ttigheter med avseende p\u00e5 personuppgifter<\/h2><p>Ni har en mycket viktig roll att spela under debatten om dessa personuppgifter:<\/p><ul>\n                    <li>Du har r\u00e4tt att veta varf\u00f6r dina personuppgifter beh\u00f6vs, vad som kommer att h\u00e4nda med dem och hur l\u00e4nge de kommer att sparas.<\/li>\n                    <li>R\u00e4tt till tillg\u00e5ng: Du har r\u00e4tt att f\u00e5 tillg\u00e5ng till dina personuppgifter som \u00e4r k\u00e4nda f\u00f6r oss.<\/li>\n                    <li>R\u00e4tt till tillr\u00e4ttal\u00e4ggande: du m\u00e5ste komplettera, korrigera, reglera och blockera de personpgifter du vill ha.<\/li>\n                    <li>Om du ska g\u00f6ra n\u00e5got \u00e5t detta b\u00f6r du kunna anv\u00e4nda provet och f\u00e5 den person som \u00e4r ansvarig f\u00f6r provet att r\u00e4kna.<\/li>\n                    <li>R\u00e4tt att \u00f6verf\u00f6ra: du har r\u00e4tt att beg\u00e4ra alla dina personuppgifter fr\u00e5n den registeransvarige och \u00f6verf\u00f6ra den i sin helhet till en annan personuppgiftsansvarig.<\/li>\n                    <li>R\u00e4tt att inv\u00e4nda: du kan inv\u00e4nda mot behandlingen av dina uppgifter. Vi f\u00f6ljer detta, om det inte finns befogade sk\u00e4l f\u00f6r behandling.<\/li>\n                <\/ul><p>F\u00f6r att ut\u00f6va dessa r\u00e4ttigheter, v\u00e4nligen kontakta oss. Kontakten kommer inte att ske p\u00e5 dagen f\u00f6r cookiepolicyn. Om du har ett klagom\u00e5l p\u00e5 hur vi hanterar dina uppgifter vill vi g\u00e4rna h\u00f6ra fr\u00e5n dig, men du har \u00e4ven r\u00e4tt att l\u00e4mna in ett klagom\u00e5l till tillsynsmyndigheten (Data Protection Authority).<\/p><h2>10. Kontakta \u00e5terf\u00f6rs\u00e4ljare<\/h2><p>F\u00f6r fr\u00e5gor och\/eller kommentarer om v\u00e5r cookiepolicy och denna redog\u00f6relse, kontakta oss genom att anv\u00e4nda f\u00f6ljande kontaktppgifter:<\/p><p><span class=\"cmplz-contact-organisation\">World of Stones s.r.o.<\/span><br>\n                      <span class=\"cmplz-contact-address\">Dukelsk\u00fdch hrdin\u016f 2269. Ro\u017enov pod Radho\u0161t\u011bm, 75661<\/span><br>\n                      <span class=\"cmplz-contact-country\">Republiken Tjeckien<\/span><br>\n                    Webbplats: <span class=\"cmplz-contact-domain\"><a href=\"https:\/\/mincool.org\/sv\">https:\/\/mincool.org\/sv<\/a><\/span><br>\n                    E-post: <span class=\"cmplz-contact-email\"><span class=\"cmplz-obfuscate\">&#105;&#110;fo@<span class=\"cmplz-fmail-domain\">&#101;&#120;&#046;co&#109;<\/span>&#115;v&#101;t&#107;am&#101;nu.&#099;&#122;<\/span><\/span><br>\n                    <span class=\"cmplz-contact-telephone\">Telefonnummer: +420571657766<\/span><\/p><p>Dagligen cookiepolicy synkroniserades med <a href=\"https:\/\/cookiedatabase.org\/\" target=\"_blank\">cookiedatabase.org<\/a> 03\/09\/2025.<\/p><\/div>","protected":false},"excerpt":{"rendered":"","protected":false},"author":1,"featured_media":0,"parent":0,"menu_order":0,"comment_status":"closed","ping_status":"closed","template":"page-with-title","meta":{"footnotes":""},"class_list":["post-513","page","type-page","status-publish","hentry"],"aioseo_notices":[],"_links":{"self":[{"href":"https:\/\/mincool.org\/sv\/wp-json\/wp\/v2\/pages\/513","targetHints":{"allow":["GET"]}}],"collection":[{"href":"https:\/\/mincool.org\/sv\/wp-json\/wp\/v2\/pages"}],"about":[{"href":"https:\/\/mincool.org\/sv\/wp-json\/wp\/v2\/types\/page"}],"author":[{"embeddable":true,"href":"https:\/\/mincool.org\/sv\/wp-json\/wp\/v2\/users\/1"}],"replies":[{"embeddable":true,"href":"https:\/\/mincool.org\/sv\/wp-json\/wp\/v2\/comments?post=513"}],"version-history":[{"count":0,"href":"https:\/\/mincool.org\/sv\/wp-json\/wp\/v2\/pages\/513\/revisions"}],"wp:attachment":[{"href":"https:\/\/mincool.org\/sv\/wp-json\/wp\/v2\/media?parent=513"}],"curies":[{"name":"wp","href":"https:\/\/api.w.org\/{rel}","templated":true}]}}